{"id":41809,"date":"2023-06-30T11:57:21","date_gmt":"2023-06-30T08:57:21","guid":{"rendered":"https:\/\/elai.io\/our-values"},"modified":"2025-05-16T20:17:43","modified_gmt":"2025-05-16T17:17:43","slug":"our-values","status":"publish","type":"page","link":"https:\/\/elai.io\/pt-pt\/our-values\/","title":{"rendered":"Our Values"},"content":{"rendered":"\t\t<div data-elementor-type=\"wp-post\" data-elementor-id=\"41809\" class=\"elementor elementor-41809 elementor-34275\" data-elementor-post-type=\"page\">\n\t\t\t\t\t\t<section class=\"elementor-section elementor-top-section elementor-element elementor-element-31c08763 elementor-section-height-full elementor-section-boxed elementor-section-height-default elementor-section-items-middle\" data-id=\"31c08763\" data-element_type=\"section\" data-e-type=\"section\" data-settings=\"{&quot;background_background&quot;:&quot;classic&quot;}\">\r\n\t\t\r\n\t\t\t\t\t\t\t<div class=\"elementor-container elementor-column-gap-default\">\r\n\t\t\t\t\t\t\t\t\t\t\t<div class=\"elementor-column elementor-col-100 elementor-top-column elementor-element elementor-element-6893641d\" data-id=\"6893641d\" data-element_type=\"column\" data-e-type=\"column\">\r\n\t\t\t\t\t<div class=\"elementor-widget-wrap elementor-element-populated\">\r\n\t\t\t\t\t\t\t\t<div class=\"elementor-element elementor-element-28938f95 elementor-widget elementor-widget-spacer\" data-id=\"28938f95\" data-element_type=\"widget\" data-e-type=\"widget\" data-widget_type=\"spacer.default\">\n\t\t\t\t<div class=\"elementor-widget-container\">\n\t\t\t\t\t\t\t<div class=\"elementor-spacer\">\n\t\t\t<div class=\"elementor-spacer-inner\"><\/div>\n\t\t<\/div>\n\t\t\t\t\t\t<\/div>\n\t\t\t\t<\/div>\n\t\t\t\t<section class=\"elementor-section elementor-inner-section elementor-element elementor-element-143854bb elementor-section-boxed elementor-section-height-default elementor-section-height-default\" data-id=\"143854bb\" data-element_type=\"section\" data-e-type=\"section\">\r\n\t\t\r\n\t\t\t\t\t\t\t<div class=\"elementor-container elementor-column-gap-default\">\r\n\t\t\t\t\t\t\t\t\t\t\t<div class=\"elementor-column elementor-col-100 elementor-inner-column elementor-element elementor-element-7881d3f3\" data-id=\"7881d3f3\" data-element_type=\"column\" data-e-type=\"column\">\r\n\t\t\t\t\t<div class=\"elementor-widget-wrap elementor-element-populated\">\r\n\t\t\t\t\t\t\t\t<div class=\"elementor-element elementor-element-16bf82ef elementor-widget elementor-widget-text-editor\" data-id=\"16bf82ef\" data-element_type=\"widget\" data-e-type=\"widget\" data-widget_type=\"text-editor.default\">\n\t\t\t\t<div class=\"elementor-widget-container\">\n\t\t\t\t\t\t\t\t\t<div style=\"position: absolute; right: -20px; max-width: 450px;\">\n<div class=\"box-our-values-001-text2\">Empoderamento, autenticidade e confian\u00e7a mantidos com integridade e inclus\u00e3o.<\/div>\n<\/div>\t\t\t\t\t\t\t\t<\/div>\n\t\t\t\t<\/div>\n\t\t\t\t\t<\/div>\r\n\t\t\t\t<\/div>\r\n\t\t\t\t\t<\/div>\r\n\t\t\t\t<\/section>\r\n\t\t\t\t<div class=\"elementor-element elementor-element-4f99a19b elementor-widget elementor-widget-spacer\" data-id=\"4f99a19b\" data-element_type=\"widget\" data-e-type=\"widget\" data-widget_type=\"spacer.default\">\n\t\t\t\t<div class=\"elementor-widget-container\">\n\t\t\t\t\t\t\t<div class=\"elementor-spacer\">\n\t\t\t<div class=\"elementor-spacer-inner\"><\/div>\n\t\t<\/div>\n\t\t\t\t\t\t<\/div>\n\t\t\t\t<\/div>\n\t\t\t\t<section class=\"elementor-section elementor-inner-section elementor-element elementor-element-4317dc4d elementor-section-boxed elementor-section-height-default elementor-section-height-default\" data-id=\"4317dc4d\" data-element_type=\"section\" data-e-type=\"section\">\r\n\t\t\r\n\t\t\t\t\t\t\t<div class=\"elementor-container elementor-column-gap-default\">\r\n\t\t\t\t\t\t\t\t\t\t\t<div class=\"elementor-column elementor-col-50 elementor-inner-column elementor-element elementor-element-36a40c49\" data-id=\"36a40c49\" data-element_type=\"column\" data-e-type=\"column\">\r\n\t\t\t\t\t<div class=\"elementor-widget-wrap elementor-element-populated\">\r\n\t\t\t\t\t\t\t\t<div class=\"elementor-element elementor-element-2f0d8447 title elementor-widget elementor-widget-text-editor\" data-id=\"2f0d8447\" data-element_type=\"widget\" data-e-type=\"widget\" data-widget_type=\"text-editor.default\">\n\t\t\t\t<div class=\"elementor-widget-container\">\n\t\t\t\t\t\t\t\t\t<h1 class=\"box-our-values-001-text1\"><strong>Abrace os Valores da Elai<\/strong><\/h1>\t\t\t\t\t\t\t\t<\/div>\n\t\t\t\t<\/div>\n\t\t\t\t\t<\/div>\r\n\t\t\t\t<\/div>\r\n\t\t\t\t<div class=\"elementor-column elementor-col-50 elementor-inner-column elementor-element elementor-element-37f0285b\" data-id=\"37f0285b\" data-element_type=\"column\" data-e-type=\"column\">\r\n\t\t\t\t\t<div class=\"elementor-widget-wrap\">\r\n\t\t\t\t\t\t\t\t\t<\/div>\r\n\t\t\t\t<\/div>\r\n\t\t\t\t\t<\/div>\r\n\t\t\t\t<\/section>\r\n\t\t\t\t\t<\/div>\r\n\t\t\t\t<\/div>\r\n\t\t\t\t\t<\/div>\r\n\t\t\t\t<\/section>\r\n\t\t\t\t<section class=\"elementor-section elementor-top-section elementor-element elementor-element-b7e9825 elementor-section-boxed elementor-section-height-default elementor-section-height-default\" data-id=\"b7e9825\" data-element_type=\"section\" data-e-type=\"section\">\r\n\t\t\r\n\t\t\t\t\t\t\t<div class=\"elementor-container elementor-column-gap-default\">\r\n\t\t\t\t\t\t\t\t\t\t\t<div class=\"elementor-column elementor-col-100 elementor-top-column elementor-element elementor-element-3662d9c5\" data-id=\"3662d9c5\" data-element_type=\"column\" data-e-type=\"column\">\r\n\t\t\t\t\t<div class=\"elementor-widget-wrap elementor-element-populated\">\r\n\t\t\t\t\t\t\t\t<div class=\"elementor-element elementor-element-552cea76 elementor-widget elementor-widget-spacer\" data-id=\"552cea76\" data-element_type=\"widget\" data-e-type=\"widget\" data-widget_type=\"spacer.default\">\n\t\t\t\t<div class=\"elementor-widget-container\">\n\t\t\t\t\t\t\t<div class=\"elementor-spacer\">\n\t\t\t<div class=\"elementor-spacer-inner\"><\/div>\n\t\t<\/div>\n\t\t\t\t\t\t<\/div>\n\t\t\t\t<\/div>\n\t\t\t\t<div class=\"elementor-element elementor-element-34fa4054 elementor-widget elementor-widget-html\" data-id=\"34fa4054\" data-element_type=\"widget\" data-e-type=\"widget\" data-widget_type=\"html.default\">\n\t\t\t\t<div class=\"elementor-widget-container\">\n\t\t\t\t\t<div class=\"box-our-values-002-block\">\r\n<div class=\"box-our-values-002-img-001\">\r\n<\/div>\r\n<div class=\"box-our-values-002-text104\">#1<\/div>\r\n<div class=\"box-our-values-002-text1\">Privacidade em Primeiro Lugar<\/div>\r\n<div class=\"box-our-values-002-text2\">Neste mundo digital acelerado, sua privacidade merece aten\u00e7\u00e3o m\u00e1xima. Na Elai.io, estamos comprometidos em priorizar sua privacidade e capacit\u00e1-lo com ferramentas e conhecimentos para proteger suas informa\u00e7\u00f5es pessoais.<\/div>\r\n<\/div>\t\t\t\t<\/div>\n\t\t\t\t<\/div>\n\t\t\t\t\t<\/div>\r\n\t\t\t\t<\/div>\r\n\t\t\t\t\t<\/div>\r\n\t\t\t\t<\/section>\r\n\t\t\t\t<section class=\"elementor-section elementor-top-section elementor-element elementor-element-58d42d66 elementor-section-boxed elementor-section-height-default elementor-section-height-default\" data-id=\"58d42d66\" data-element_type=\"section\" data-e-type=\"section\">\r\n\t\t\r\n\t\t\t\t\t\t\t<div class=\"elementor-container elementor-column-gap-default\">\r\n\t\t\t\t\t\t\t\t\t\t\t<div class=\"elementor-column elementor-col-50 elementor-top-column elementor-element elementor-element-7d131319\" data-id=\"7d131319\" data-element_type=\"column\" data-e-type=\"column\">\r\n\t\t\t\t\t<div class=\"elementor-widget-wrap elementor-element-populated\">\r\n\t\t\t\t\t\t\t\t<div class=\"elementor-element elementor-element-122d395e elementor-widget elementor-widget-html\" data-id=\"122d395e\" data-element_type=\"widget\" data-e-type=\"widget\" data-widget_type=\"html.default\">\n\t\t\t\t<div class=\"elementor-widget-container\">\n\t\t\t\t\t<div class=\"box-our-values-002-block\">\r\n<div class=\"box-our-values-002-img-002\">\r\n<\/div>\r\n<div class=\"box-our-values-002-text100\">&<\/div>\r\n<div class=\"box-our-values-002-text101\">#2<\/div>\r\n<div class=\"box-our-values-002-text14\">Diversidade<br> ey Inclus\u00e3o<\/div>\r\n<div class=\"box-our-values-002-text24\">Respeitar a diversidade e a inclus\u00e3o \u00e9 essencial para criar um ambiente produtivo. Envolve tamb\u00e9m incorporar perspectivas e experi\u00eancias \u00fanicas para impulsionar a inova\u00e7\u00e3o.<\/div>\r\n<\/div>\t\t\t\t<\/div>\n\t\t\t\t<\/div>\n\t\t\t\t\t<\/div>\r\n\t\t\t\t<\/div>\r\n\t\t\t\t<div class=\"elementor-column elementor-col-50 elementor-top-column elementor-element elementor-element-62f9760f\" data-id=\"62f9760f\" data-element_type=\"column\" data-e-type=\"column\">\r\n\t\t\t\t\t<div class=\"elementor-widget-wrap elementor-element-populated\">\r\n\t\t\t\t\t\t\t\t<div class=\"elementor-element elementor-element-725c03b elementor-widget elementor-widget-html\" data-id=\"725c03b\" data-element_type=\"widget\" data-e-type=\"widget\" data-widget_type=\"html.default\">\n\t\t\t\t<div class=\"elementor-widget-container\">\n\t\t\t\t\t<div class=\"box-our-values-002-block2\">\r\n<div class=\"box-our-values-002-img-003\">\r\n<\/div>\r\n<div class=\"box-our-values-002-text102\">#3<\/div>\r\n<div class=\"box-our-values-002-text15\">Confian\u00e7a nas Pessoas<\/div>\r\n<div class=\"box-our-values-002-text25\">Acreditamos que cultivar confian\u00e7a em todas as pr\u00e1ticas comerciais \u00e9 fundamental para criar um ambiente de neg\u00f3cios pr\u00f3spero e construir uma base de clientes leais.<\/div>\r\n<\/div>\t\t\t\t<\/div>\n\t\t\t\t<\/div>\n\t\t\t\t\t<\/div>\r\n\t\t\t\t<\/div>\r\n\t\t\t\t\t<\/div>\r\n\t\t\t\t<\/section>\r\n\t\t\t\t<section class=\"elementor-section elementor-top-section elementor-element elementor-element-7d87cc22 elementor-section-boxed elementor-section-height-default elementor-section-height-default\" data-id=\"7d87cc22\" data-element_type=\"section\" data-e-type=\"section\">\r\n\t\t\r\n\t\t\t\t\t\t\t<div class=\"elementor-container elementor-column-gap-default\">\r\n\t\t\t\t\t\t\t\t\t\t\t<div class=\"elementor-column elementor-col-50 elementor-top-column elementor-element elementor-element-2acbbec4\" data-id=\"2acbbec4\" data-element_type=\"column\" data-e-type=\"column\">\r\n\t\t\t\t\t<div class=\"elementor-widget-wrap elementor-element-populated\">\r\n\t\t\t\t\t\t\t\t<div class=\"elementor-element elementor-element-2d7ed8c0 elementor-widget elementor-widget-html\" data-id=\"2d7ed8c0\" data-element_type=\"widget\" data-e-type=\"widget\" data-widget_type=\"html.default\">\n\t\t\t\t<div class=\"elementor-widget-container\">\n\t\t\t\t\t<div class=\"box-our-values-002-block2\">\r\n<div class=\"box-our-values-002-img-004\">\r\n<\/div>\r\n<div class=\"box-our-values-002-text103\">#4<\/div>\r\n<div class=\"box-our-values-002-text13\">Magia Centrada<br>no Cliente<\/div>\r\n<div class=\"box-our-values-002-text23\">Na Elai.io, priorizamos o entendimento de nossos clientes. Ouvimos ativamente suas necessidades, prefer\u00eancias e feedback, esfor\u00e7ando-nos para obter insights profundos sobre o que realmente importa para eles.<\/div>\r\n<\/div>\t\t\t\t<\/div>\n\t\t\t\t<\/div>\n\t\t\t\t\t<\/div>\r\n\t\t\t\t<\/div>\r\n\t\t\t\t<div class=\"elementor-column elementor-col-50 elementor-top-column elementor-element elementor-element-7375bff\" data-id=\"7375bff\" data-element_type=\"column\" data-e-type=\"column\">\r\n\t\t\t\t\t<div class=\"elementor-widget-wrap elementor-element-populated\">\r\n\t\t\t\t\t\t\t\t<div class=\"elementor-element elementor-element-fe582b2 elementor-widget elementor-widget-html\" data-id=\"fe582b2\" data-element_type=\"widget\" data-e-type=\"widget\" data-widget_type=\"html.default\">\n\t\t\t\t<div class=\"elementor-widget-container\">\n\t\t\t\t\t<div class=\"box-our-values-002-block\">\r\n<div class=\"box-our-values-002-img-005\">\r\n<\/div>\r\n<div class=\"box-our-values-002-text104\">#5<\/div>\r\n<div class=\"box-our-values-002-text12\">Inova\u00e7\u00e3o<br> Incans\u00e1vel<\/div>\r\n<div class=\"box-our-values-002-text22\">A Elai \u00e9 um terreno f\u00e9rtil para a inova\u00e7\u00e3o, onde a criatividade prospera e novas possibilidades surgem. Promovemos um ambiente que encoraja e nutre a inova\u00e7\u00e3o, abra\u00e7ando riscos calculados e desafiando o status quo. <\/div>\r\n<a class=\"box-our-values-003-button\" href=\"\/elai-technologies\">Saber Mais \r\n<div class=\"box-003-arrow\"><\/div><\/a>\r\n<\/div>\t\t\t\t<\/div>\n\t\t\t\t<\/div>\n\t\t\t\t\t<\/div>\r\n\t\t\t\t<\/div>\r\n\t\t\t\t\t<\/div>\r\n\t\t\t\t<\/section>\r\n\t\t\t\t<section class=\"elementor-section elementor-top-section elementor-element elementor-element-6d4c670b elementor-section-boxed elementor-section-height-default elementor-section-height-default\" data-id=\"6d4c670b\" data-element_type=\"section\" data-e-type=\"section\">\r\n\t\t\r\n\t\t\t\t\t\t\t<div class=\"elementor-container elementor-column-gap-default\">\r\n\t\t\t\t\t\t\t\t\t\t\t<div class=\"elementor-column elementor-col-100 elementor-top-column elementor-element elementor-element-4d1959e\" data-id=\"4d1959e\" data-element_type=\"column\" data-e-type=\"column\">\r\n\t\t\t\t\t<div class=\"elementor-widget-wrap elementor-element-populated\">\r\n\t\t\t\t\t\t\t\t<div class=\"elementor-element elementor-element-62867fcc elementor-widget elementor-widget-spacer\" data-id=\"62867fcc\" data-element_type=\"widget\" data-e-type=\"widget\" data-widget_type=\"spacer.default\">\n\t\t\t\t<div class=\"elementor-widget-container\">\n\t\t\t\t\t\t\t<div class=\"elementor-spacer\">\n\t\t\t<div class=\"elementor-spacer-inner\"><\/div>\n\t\t<\/div>\n\t\t\t\t\t\t<\/div>\n\t\t\t\t<\/div>\n\t\t\t\t\t<\/div>\r\n\t\t\t\t<\/div>\r\n\t\t\t\t\t<\/div>\r\n\t\t\t\t<\/section>\r\n\t\t\t\t<section class=\"elementor-section elementor-top-section elementor-element elementor-element-619a992f elementor-section-full_width elementor-section-height-default elementor-section-height-default\" data-id=\"619a992f\" data-element_type=\"section\" data-e-type=\"section\">\r\n\t\t\r\n\t\t\t\t\t\t\t<div class=\"elementor-container elementor-column-gap-default\">\r\n\t\t\t\t\t\t\t\t\t\t\t<div class=\"elementor-column elementor-col-100 elementor-top-column elementor-element elementor-element-28f993de\" data-id=\"28f993de\" data-element_type=\"column\" data-e-type=\"column\" data-settings=\"{&quot;background_background&quot;:&quot;classic&quot;}\">\r\n\t\t\t\t\t<div class=\"elementor-widget-wrap elementor-element-populated\">\r\n\t\t\t\t\t\t\t\t<div class=\"elementor-element elementor-element-1fbbbcf2 elementor-widget elementor-widget-html\" data-id=\"1fbbbcf2\" data-element_type=\"widget\" data-e-type=\"widget\" data-widget_type=\"html.default\">\n\t\t\t\t<div class=\"elementor-widget-container\">\n\t\t\t\t\t<div class=\"box-our-values-003-block\">\r\n\r\n<div class=\"box-our-values-002-text103\">#6<\/div>\r\n<div class=\"box-our-values-003-text11\">Transformando o Mundo com Tecnologia<\/div>\r\n<div class=\"box-our-values-003-text21\">Desbloqueie possibilidades ilimitadas: liberte sua imagina\u00e7\u00e3o com o poderoso conjunto de recursos da Elai.<\/div>\r\n<a class=\"box-our-values-004-button\" href=\"\/features\">Ver Todos os Recursos \r\n<div class=\"box-003-arrow\"><\/div><\/a>\r\n<\/div>\t\t\t\t<\/div>\n\t\t\t\t<\/div>\n\t\t\t\t\t<\/div>\r\n\t\t\t\t<\/div>\r\n\t\t\t\t\t<\/div>\r\n\t\t\t\t<\/section>\r\n\t\t\t\t<\/div>\n\t\t","protected":false},"excerpt":{"rendered":"<p>Empoderamento, autenticidade e confian\u00e7a mantidos com integridade e inclus\u00e3o. Abrace os Valores da Elai #1 Privacidade em Primeiro Lugar Neste mundo digital acelerado, sua privacidade merece aten\u00e7\u00e3o m\u00e1xima. Na Elai.io, estamos comprometidos em priorizar sua privacidade e capacit\u00e1-lo com ferramentas e conhecimentos para proteger suas informa\u00e7\u00f5es pessoais. &amp; #2 Diversidade ey Inclus\u00e3o Respeitar a diversidade [&hellip;]<\/p>\n","protected":false},"author":12,"featured_media":41811,"parent":0,"menu_order":0,"comment_status":"closed","ping_status":"closed","template":"","meta":{"_acf_changed":false,"inline_featured_image":false,"footnotes":""},"class_list":["post-41809","page","type-page","status-publish","has-post-thumbnail","hentry"],"acf":[],"yoast_head":"<!-- This site is optimized with the Yoast SEO Premium plugin v27.4 (Yoast SEO v27.4) - https:\/\/yoast.com\/product\/yoast-seo-premium-wordpress\/ -->\n<title>Nossos Valores - Elai.io<\/title>\n<meta name=\"description\" content=\"Saiba mais sobre os valores de Elai.io.\" \/>\n<meta name=\"robots\" content=\"index, follow, max-snippet:-1, max-image-preview:large, max-video-preview:-1\" \/>\n<link rel=\"canonical\" href=\"https:\/\/elai.io\/pt-pt\/our-values\/\" \/>\n<meta property=\"og:locale\" content=\"pt_PT\" \/>\n<meta property=\"og:type\" content=\"article\" \/>\n<meta property=\"og:title\" content=\"Our Values\" \/>\n<meta property=\"og:description\" content=\"Saiba mais sobre os valores de Elai.io.\" \/>\n<meta property=\"og:url\" content=\"https:\/\/elai.io\/pt-pt\/our-values\/\" \/>\n<meta property=\"og:site_name\" content=\"Elai.io\" \/>\n<meta property=\"article:modified_time\" content=\"2025-05-16T17:17:43+00:00\" \/>\n<meta property=\"og:image\" content=\"https:\/\/elai.io\/wp-content\/uploads\/2023\/06\/our-values.webp\" \/>\n\t<meta property=\"og:image:width\" content=\"1400\" \/>\n\t<meta property=\"og:image:height\" content=\"800\" \/>\n\t<meta property=\"og:image:type\" content=\"image\/webp\" \/>\n<meta name=\"twitter:card\" content=\"summary_large_image\" \/>\n<meta name=\"twitter:label1\" content=\"Est. reading time\" \/>\n\t<meta name=\"twitter:data1\" content=\"2 minutos\" \/>\n<script type=\"application\/ld+json\" class=\"yoast-schema-graph\">{\"@context\":\"https:\\\/\\\/schema.org\",\"@graph\":[{\"@type\":\"WebPage\",\"@id\":\"https:\\\/\\\/elai.io\\\/pt-pt\\\/our-values\\\/\",\"url\":\"https:\\\/\\\/elai.io\\\/pt-pt\\\/our-values\\\/\",\"name\":\"Nossos Valores - Elai.io\",\"isPartOf\":{\"@id\":\"https:\\\/\\\/elai.io\\\/pt-pt\\\/#website\"},\"primaryImageOfPage\":{\"@id\":\"https:\\\/\\\/elai.io\\\/pt-pt\\\/our-values\\\/#primaryimage\"},\"image\":{\"@id\":\"https:\\\/\\\/elai.io\\\/pt-pt\\\/our-values\\\/#primaryimage\"},\"thumbnailUrl\":\"https:\\\/\\\/elai.io\\\/wp-content\\\/uploads\\\/2023\\\/06\\\/our-values.webp\",\"datePublished\":\"2023-06-30T08:57:21+00:00\",\"dateModified\":\"2025-05-16T17:17:43+00:00\",\"description\":\"Saiba mais sobre os valores de Elai.io.\",\"breadcrumb\":{\"@id\":\"https:\\\/\\\/elai.io\\\/pt-pt\\\/our-values\\\/#breadcrumb\"},\"inLanguage\":\"pt-PT\",\"potentialAction\":[{\"@type\":\"ReadAction\",\"target\":[\"https:\\\/\\\/elai.io\\\/pt-pt\\\/our-values\\\/\"]}]},{\"@type\":\"ImageObject\",\"inLanguage\":\"pt-PT\",\"@id\":\"https:\\\/\\\/elai.io\\\/pt-pt\\\/our-values\\\/#primaryimage\",\"url\":\"https:\\\/\\\/elai.io\\\/wp-content\\\/uploads\\\/2023\\\/06\\\/our-values.webp\",\"contentUrl\":\"https:\\\/\\\/elai.io\\\/wp-content\\\/uploads\\\/2023\\\/06\\\/our-values.webp\",\"width\":1400,\"height\":800},{\"@type\":\"BreadcrumbList\",\"@id\":\"https:\\\/\\\/elai.io\\\/pt-pt\\\/our-values\\\/#breadcrumb\",\"itemListElement\":[{\"@type\":\"ListItem\",\"position\":1,\"name\":\"Home\",\"item\":\"https:\\\/\\\/elai.io\\\/pt-pt\\\/\"},{\"@type\":\"ListItem\",\"position\":2,\"name\":\"Our Values\"}]},{\"@type\":\"WebSite\",\"@id\":\"https:\\\/\\\/elai.io\\\/pt-pt\\\/#website\",\"url\":\"https:\\\/\\\/elai.io\\\/pt-pt\\\/\",\"name\":\"Elai.io\",\"description\":\"create AI videos from text\",\"publisher\":{\"@id\":\"https:\\\/\\\/elai.io\\\/pt-pt\\\/#organization\"},\"potentialAction\":[{\"@type\":\"SearchAction\",\"target\":{\"@type\":\"EntryPoint\",\"urlTemplate\":\"https:\\\/\\\/elai.io\\\/pt-pt\\\/?s={search_term_string}\"},\"query-input\":{\"@type\":\"PropertyValueSpecification\",\"valueRequired\":true,\"valueName\":\"search_term_string\"}}],\"inLanguage\":\"pt-PT\"},{\"@type\":\"Organization\",\"@id\":\"https:\\\/\\\/elai.io\\\/pt-pt\\\/#organization\",\"name\":\"Elai.io\",\"url\":\"https:\\\/\\\/elai.io\\\/pt-pt\\\/\",\"logo\":{\"@type\":\"ImageObject\",\"inLanguage\":\"pt-PT\",\"@id\":\"https:\\\/\\\/elai.io\\\/pt-pt\\\/#\\\/schema\\\/logo\\\/image\\\/\",\"url\":\"https:\\\/\\\/elai.io\\\/wp-content\\\/uploads\\\/2024\\\/10\\\/Component-2.svg\",\"contentUrl\":\"https:\\\/\\\/elai.io\\\/wp-content\\\/uploads\\\/2024\\\/10\\\/Component-2.svg\",\"caption\":\"Elai.io\"},\"image\":{\"@id\":\"https:\\\/\\\/elai.io\\\/pt-pt\\\/#\\\/schema\\\/logo\\\/image\\\/\"}}]}<\/script>\n<!-- \/ Yoast SEO Premium plugin. -->","yoast_head_json":{"title":"Nossos Valores - Elai.io","description":"Saiba mais sobre os valores de Elai.io.","robots":{"index":"index","follow":"follow","max-snippet":"max-snippet:-1","max-image-preview":"max-image-preview:large","max-video-preview":"max-video-preview:-1"},"canonical":"https:\/\/elai.io\/pt-pt\/our-values\/","og_locale":"pt_PT","og_type":"article","og_title":"Our Values","og_description":"Saiba mais sobre os valores de Elai.io.","og_url":"https:\/\/elai.io\/pt-pt\/our-values\/","og_site_name":"Elai.io","article_modified_time":"2025-05-16T17:17:43+00:00","og_image":[{"width":1400,"height":800,"url":"https:\/\/elai.io\/wp-content\/uploads\/2023\/06\/our-values.webp","type":"image\/webp"}],"twitter_card":"summary_large_image","twitter_misc":{"Est. reading time":"2 minutos"},"schema":{"@context":"https:\/\/schema.org","@graph":[{"@type":"WebPage","@id":"https:\/\/elai.io\/pt-pt\/our-values\/","url":"https:\/\/elai.io\/pt-pt\/our-values\/","name":"Nossos Valores - Elai.io","isPartOf":{"@id":"https:\/\/elai.io\/pt-pt\/#website"},"primaryImageOfPage":{"@id":"https:\/\/elai.io\/pt-pt\/our-values\/#primaryimage"},"image":{"@id":"https:\/\/elai.io\/pt-pt\/our-values\/#primaryimage"},"thumbnailUrl":"https:\/\/elai.io\/wp-content\/uploads\/2023\/06\/our-values.webp","datePublished":"2023-06-30T08:57:21+00:00","dateModified":"2025-05-16T17:17:43+00:00","description":"Saiba mais sobre os valores de Elai.io.","breadcrumb":{"@id":"https:\/\/elai.io\/pt-pt\/our-values\/#breadcrumb"},"inLanguage":"pt-PT","potentialAction":[{"@type":"ReadAction","target":["https:\/\/elai.io\/pt-pt\/our-values\/"]}]},{"@type":"ImageObject","inLanguage":"pt-PT","@id":"https:\/\/elai.io\/pt-pt\/our-values\/#primaryimage","url":"https:\/\/elai.io\/wp-content\/uploads\/2023\/06\/our-values.webp","contentUrl":"https:\/\/elai.io\/wp-content\/uploads\/2023\/06\/our-values.webp","width":1400,"height":800},{"@type":"BreadcrumbList","@id":"https:\/\/elai.io\/pt-pt\/our-values\/#breadcrumb","itemListElement":[{"@type":"ListItem","position":1,"name":"Home","item":"https:\/\/elai.io\/pt-pt\/"},{"@type":"ListItem","position":2,"name":"Our Values"}]},{"@type":"WebSite","@id":"https:\/\/elai.io\/pt-pt\/#website","url":"https:\/\/elai.io\/pt-pt\/","name":"Elai.io","description":"create AI videos from text","publisher":{"@id":"https:\/\/elai.io\/pt-pt\/#organization"},"potentialAction":[{"@type":"SearchAction","target":{"@type":"EntryPoint","urlTemplate":"https:\/\/elai.io\/pt-pt\/?s={search_term_string}"},"query-input":{"@type":"PropertyValueSpecification","valueRequired":true,"valueName":"search_term_string"}}],"inLanguage":"pt-PT"},{"@type":"Organization","@id":"https:\/\/elai.io\/pt-pt\/#organization","name":"Elai.io","url":"https:\/\/elai.io\/pt-pt\/","logo":{"@type":"ImageObject","inLanguage":"pt-PT","@id":"https:\/\/elai.io\/pt-pt\/#\/schema\/logo\/image\/","url":"https:\/\/elai.io\/wp-content\/uploads\/2024\/10\/Component-2.svg","contentUrl":"https:\/\/elai.io\/wp-content\/uploads\/2024\/10\/Component-2.svg","caption":"Elai.io"},"image":{"@id":"https:\/\/elai.io\/pt-pt\/#\/schema\/logo\/image\/"}}]}},"_links":{"self":[{"href":"https:\/\/elai.io\/pt-pt\/wp-json\/wp\/v2\/pages\/41809","targetHints":{"allow":["GET"]}}],"collection":[{"href":"https:\/\/elai.io\/pt-pt\/wp-json\/wp\/v2\/pages"}],"about":[{"href":"https:\/\/elai.io\/pt-pt\/wp-json\/wp\/v2\/types\/page"}],"author":[{"embeddable":true,"href":"https:\/\/elai.io\/pt-pt\/wp-json\/wp\/v2\/users\/12"}],"replies":[{"embeddable":true,"href":"https:\/\/elai.io\/pt-pt\/wp-json\/wp\/v2\/comments?post=41809"}],"version-history":[{"count":0,"href":"https:\/\/elai.io\/pt-pt\/wp-json\/wp\/v2\/pages\/41809\/revisions"}],"wp:featuredmedia":[{"embeddable":true,"href":"https:\/\/elai.io\/pt-pt\/wp-json\/wp\/v2\/media\/41811"}],"wp:attachment":[{"href":"https:\/\/elai.io\/pt-pt\/wp-json\/wp\/v2\/media?parent=41809"}],"curies":[{"name":"wp","href":"https:\/\/api.w.org\/{rel}","templated":true}]}}