{"id":41519,"date":"2022-05-26T17:27:55","date_gmt":"2022-05-26T14:27:55","guid":{"rendered":"https:\/\/elai.io\/case-studies"},"modified":"2025-05-16T20:15:51","modified_gmt":"2025-05-16T17:15:51","slug":"case-studies","status":"publish","type":"page","link":"https:\/\/elai.io\/pt-pt\/case-studies\/","title":{"rendered":"Case Studies"},"content":{"rendered":"\t\t<div data-elementor-type=\"wp-post\" data-elementor-id=\"41519\" class=\"elementor elementor-41519 elementor-8116\" data-elementor-post-type=\"page\">\n\t\t\t\t\t\t<section class=\"elementor-section elementor-top-section elementor-element elementor-element-1cb8ad4a elementor-section-height-full box-first-block scaleble-bg elementor-section-boxed elementor-section-height-default elementor-section-items-middle\" data-id=\"1cb8ad4a\" data-element_type=\"section\" data-e-type=\"section\">\r\n\t\t\r\n\t\t\t\t\t\t\t<div class=\"elementor-container elementor-column-gap-default\">\r\n\t\t\t\t\t\t\t\t\t\t\t<div class=\"elementor-column elementor-col-100 elementor-top-column elementor-element elementor-element-5966a1c0\" data-id=\"5966a1c0\" data-element_type=\"column\" data-e-type=\"column\">\r\n\t\t\t\t\t<div class=\"elementor-widget-wrap elementor-element-populated\">\r\n\t\t\t\t\t\t\t\t<div class=\"elementor-element elementor-element-5bd46d2 elementor-hidden-desktop elementor-hidden-tablet elementor-widget elementor-widget-spacer\" data-id=\"5bd46d2\" data-element_type=\"widget\" data-e-type=\"widget\" data-widget_type=\"spacer.default\">\n\t\t\t\t<div class=\"elementor-widget-container\">\n\t\t\t\t\t\t\t<div class=\"elementor-spacer\">\n\t\t\t<div class=\"elementor-spacer-inner\"><\/div>\n\t\t<\/div>\n\t\t\t\t\t\t<\/div>\n\t\t\t\t<\/div>\n\t\t\t\t<div class=\"elementor-element elementor-element-e05baba title elementor-widget elementor-widget-text-editor\" data-id=\"e05baba\" data-element_type=\"widget\" data-e-type=\"widget\" data-widget_type=\"text-editor.default\">\n\t\t\t\t<div class=\"elementor-widget-container\">\n\t\t\t\t\t\t\t\t\t<h1 class=\"box-first-text1\" style=\"max-width: 600px;\">Estudos de Caso<\/h1>\t\t\t\t\t\t\t\t<\/div>\n\t\t\t\t<\/div>\n\t\t\t\t<div class=\"elementor-element elementor-element-10c5fdbf elementor-widget elementor-widget-text-editor\" data-id=\"10c5fdbf\" data-element_type=\"widget\" data-e-type=\"widget\" data-widget_type=\"text-editor.default\">\n\t\t\t\t<div class=\"elementor-widget-container\">\n\t\t\t\t\t\t\t\t\t<h2 class=\"box-first-text2\" style=\"max-width: 600px;\">Crie cursos de e-learning, v\u00eddeos de onboarding de RH, explicadores e muito mais. Acelere a produ\u00e7\u00e3o de v\u00eddeo com Elai hoje.<\/h2>\t\t\t\t\t\t\t\t<\/div>\n\t\t\t\t<\/div>\n\t\t\t\t<section class=\"elementor-section elementor-inner-section elementor-element elementor-element-4dfadffe elementor-section-boxed elementor-section-height-default elementor-section-height-default\" data-id=\"4dfadffe\" data-element_type=\"section\" data-e-type=\"section\">\r\n\t\t\r\n\t\t\t\t\t\t\t<div class=\"elementor-container elementor-column-gap-default\">\r\n\t\t\t\t\t\t\t\t\t\t\t<div class=\"elementor-column elementor-col-100 elementor-inner-column elementor-element elementor-element-375126bd\" data-id=\"375126bd\" data-element_type=\"column\" data-e-type=\"column\">\r\n\t\t\t\t\t<div class=\"elementor-widget-wrap elementor-element-populated\">\r\n\t\t\t\t\t\t\t\t<div class=\"elementor-element elementor-element-617057bb elementor-align-center elementor-mobile-align-center elementor-widget elementor-widget-button\" data-id=\"617057bb\" data-element_type=\"widget\" data-e-type=\"widget\" data-widget_type=\"button.default\">\n\t\t\t\t<div class=\"elementor-widget-container\">\n\t\t\t\t\t\t\t\t\t<div class=\"elementor-button-wrapper\">\n\t\t\t\t\t<a class=\"elementor-button elementor-button-link elementor-size-md\" href=\"https:\/\/app.elai.io\/signup\">\n\t\t\t\t\t\t<span class=\"elementor-button-content-wrapper\">\n\t\t\t\t\t\t<span class=\"elementor-button-icon\">\n\t\t\t\t<i aria-hidden=\"true\" class=\"fas fa-chevron-right\"><\/i>\t\t\t<\/span>\n\t\t\t\t\t\t\t\t\t<span class=\"elementor-button-text\">Experimente Elai gratuitamente<\/span>\n\t\t\t\t\t<\/span>\n\t\t\t\t\t<\/a>\n\t\t\t\t<\/div>\n\t\t\t\t\t\t\t\t<\/div>\n\t\t\t\t<\/div>\n\t\t\t\t\t<\/div>\r\n\t\t\t\t<\/div>\r\n\t\t\t\t\t<\/div>\r\n\t\t\t\t<\/section>\r\n\t\t\t\t<div class=\"elementor-element elementor-element-600a053d elementor-hidden-desktop elementor-hidden-tablet elementor-widget elementor-widget-spacer\" data-id=\"600a053d\" data-element_type=\"widget\" data-e-type=\"widget\" data-widget_type=\"spacer.default\">\n\t\t\t\t<div class=\"elementor-widget-container\">\n\t\t\t\t\t\t\t<div class=\"elementor-spacer\">\n\t\t\t<div class=\"elementor-spacer-inner\"><\/div>\n\t\t<\/div>\n\t\t\t\t\t\t<\/div>\n\t\t\t\t<\/div>\n\t\t\t\t\t<\/div>\r\n\t\t\t\t<\/div>\r\n\t\t\t\t\t<\/div>\r\n\t\t\t\t<\/section>\r\n\t\t\t\t<section class=\"elementor-section elementor-top-section elementor-element elementor-element-59bd3805 elementor-section-boxed elementor-section-height-default elementor-section-height-default\" data-id=\"59bd3805\" data-element_type=\"section\" data-e-type=\"section\">\r\n\t\t\r\n\t\t\t\t\t\t\t<div class=\"elementor-container elementor-column-gap-default\">\r\n\t\t\t\t\t\t\t\t\t\t\t<div class=\"elementor-column elementor-col-100 elementor-top-column elementor-element elementor-element-1b93fc46\" data-id=\"1b93fc46\" data-element_type=\"column\" data-e-type=\"column\" data-settings=\"{&quot;background_background&quot;:&quot;classic&quot;}\">\r\n\t\t\t\t\t<div class=\"elementor-widget-wrap elementor-element-populated\">\r\n\t\t\t\t\t\t\t\t<div class=\"elementor-element elementor-element-a0a8a5d elementor-widget elementor-widget-html\" data-id=\"a0a8a5d\" data-element_type=\"widget\" data-e-type=\"widget\" data-widget_type=\"html.default\">\n\t\t\t\t<div class=\"elementor-widget-container\">\n\t\t\t\t\t<a href=\"https:\/\/elai.io\/case-study-petroshore\" ><div class=\"box-001-case-studies\">\r\n<div class=\"box-001-case-studies-block\">\r\n<\/div>\r\n<div class=\"box-001-case-studies-text-title\">Como aumentar o envolvimento do espectador com avatares digitais?<\/div>\r\n<div class=\"box-001-case-studies-text\">Veja como a PetroShore Compliance usou avatares digitais da Elai.io em seus v\u00eddeos de e-learning e aumentou com sucesso o envolvimento do espectador.<\/div>\r\n<div class=\"box-007-button\">Saber mais <img decoding=\"async\" class=\"alignnone size-full wp-image-10768\"  src=\"\/wp-content\/uploads\/2022\/08\/Arrow-3.svg\"   \/><\/div>\r\n<\/div><\/a>\t\t\t\t<\/div>\n\t\t\t\t<\/div>\n\t\t\t\t<div class=\"elementor-element elementor-element-35fb18fe elementor-widget elementor-widget-spacer\" data-id=\"35fb18fe\" data-element_type=\"widget\" data-e-type=\"widget\" data-widget_type=\"spacer.default\">\n\t\t\t\t<div class=\"elementor-widget-container\">\n\t\t\t\t\t\t\t<div class=\"elementor-spacer\">\n\t\t\t<div class=\"elementor-spacer-inner\"><\/div>\n\t\t<\/div>\n\t\t\t\t\t\t<\/div>\n\t\t\t\t<\/div>\n\t\t\t\t\t<\/div>\r\n\t\t\t\t<\/div>\r\n\t\t\t\t\t<\/div>\r\n\t\t\t\t<\/section>\r\n\t\t\t\t<section class=\"elementor-section elementor-top-section elementor-element elementor-element-71d32972 elementor-section-boxed elementor-section-height-default elementor-section-height-default\" data-id=\"71d32972\" data-element_type=\"section\" data-e-type=\"section\">\r\n\t\t\r\n\t\t\t\t\t\t\t<div class=\"elementor-container elementor-column-gap-default\">\r\n\t\t\t\t\t\t\t\t\t\t\t<div class=\"elementor-column elementor-col-100 elementor-top-column elementor-element elementor-element-13c9ed0b\" data-id=\"13c9ed0b\" data-element_type=\"column\" data-e-type=\"column\" data-settings=\"{&quot;background_background&quot;:&quot;classic&quot;}\">\r\n\t\t\t\t\t<div class=\"elementor-widget-wrap elementor-element-populated\">\r\n\t\t\t\t\t\t\t\t<div class=\"elementor-element elementor-element-707516d1 elementor-widget elementor-widget-html\" data-id=\"707516d1\" data-element_type=\"widget\" data-e-type=\"widget\" data-widget_type=\"html.default\">\n\t\t\t\t<div class=\"elementor-widget-container\">\n\t\t\t\t\t<a href=\"\/case-study-sigma\" ><div class=\"box-001-integrations\">\r\n<div class=\"box-001-study-sigma-block\">\r\n<\/div>\r\n<div class=\"box-001-study-sigma-text\">Estudo de Caso: Sigma Software<\/div>\r\n<div class=\"box-001-study-sigma-text2\">Sigma Software oferece solu\u00e7\u00f5es de TI prontas para uso que ajudam seus clientes a lidar eficientemente com os desafios de neg\u00f3cios existentes e a transformar a maneira como fazem neg\u00f3cios.<br><br>\r\nSaiba como eles usam a abordagem de IA generativa para criar conte\u00fado de v\u00eddeo de T&D para seus mais de 2.000 funcion\u00e1rios.\r\n<\/div>\r\n<div class=\"box-007-button\">Saber mais <img decoding=\"async\" class=\"alignnone size-full wp-image-10768\"  src=\"\/wp-content\/uploads\/2022\/08\/Arrow-3.svg\"   \/><\/div>\r\n<\/div><\/a>\t\t\t\t<\/div>\n\t\t\t\t<\/div>\n\t\t\t\t<div class=\"elementor-element elementor-element-6639df82 elementor-widget elementor-widget-spacer\" data-id=\"6639df82\" data-element_type=\"widget\" data-e-type=\"widget\" data-widget_type=\"spacer.default\">\n\t\t\t\t<div class=\"elementor-widget-container\">\n\t\t\t\t\t\t\t<div class=\"elementor-spacer\">\n\t\t\t<div class=\"elementor-spacer-inner\"><\/div>\n\t\t<\/div>\n\t\t\t\t\t\t<\/div>\n\t\t\t\t<\/div>\n\t\t\t\t\t<\/div>\r\n\t\t\t\t<\/div>\r\n\t\t\t\t\t<\/div>\r\n\t\t\t\t<\/section>\r\n\t\t\t\t<section class=\"elementor-section elementor-top-section elementor-element elementor-element-639c0824 elementor-section-boxed elementor-section-height-default elementor-section-height-default\" data-id=\"639c0824\" data-element_type=\"section\" data-e-type=\"section\">\r\n\t\t\r\n\t\t\t\t\t\t\t<div class=\"elementor-container elementor-column-gap-default\">\r\n\t\t\t\t\t\t\t\t\t\t\t<div class=\"elementor-column elementor-col-100 elementor-top-column elementor-element elementor-element-67dbed7\" data-id=\"67dbed7\" data-element_type=\"column\" data-e-type=\"column\" data-settings=\"{&quot;background_background&quot;:&quot;classic&quot;}\">\r\n\t\t\t\t\t<div class=\"elementor-widget-wrap elementor-element-populated\">\r\n\t\t\t\t\t\t\t\t<div class=\"elementor-element elementor-element-2a139857 elementor-widget elementor-widget-html\" data-id=\"2a139857\" data-element_type=\"widget\" data-e-type=\"widget\" data-widget_type=\"html.default\">\n\t\t\t\t<div class=\"elementor-widget-container\">\n\t\t\t\t\t<a href=\"\/case-study-springs\" ><div class=\"box-001-integrations\">\r\n<div class=\"box-001-study-springs-block\">\r\n<\/div>\r\n<div class=\"box-001-study-sigma-text\">Estudo de Caso: Springs<\/div>\r\n<div class=\"box-001-study-sigma-text2\">Springs \u00e9 uma equipe de desenvolvimento internacional que ajuda propriet\u00e1rios de empresas na constru\u00e7\u00e3o de solu\u00e7\u00f5es de software. Eles usaram Elai.io para criar conte\u00fado de v\u00eddeo de marketing e aumentaram significativamente seu SEO ranking. <br> \r\n \r\n\r\n<\/div>\r\n<div class=\"box-007-button\">Saber mais <img decoding=\"async\" class=\"alignnone size-full wp-image-10768\"  src=\"\/wp-content\/uploads\/2022\/08\/Arrow-3.svg\"   \/><\/div>\r\n\r\n<\/div><\/a>\t\t\t\t<\/div>\n\t\t\t\t<\/div>\n\t\t\t\t<div class=\"elementor-element elementor-element-4ea56cae elementor-widget elementor-widget-spacer\" data-id=\"4ea56cae\" data-element_type=\"widget\" data-e-type=\"widget\" data-widget_type=\"spacer.default\">\n\t\t\t\t<div class=\"elementor-widget-container\">\n\t\t\t\t\t\t\t<div class=\"elementor-spacer\">\n\t\t\t<div class=\"elementor-spacer-inner\"><\/div>\n\t\t<\/div>\n\t\t\t\t\t\t<\/div>\n\t\t\t\t<\/div>\n\t\t\t\t\t<\/div>\r\n\t\t\t\t<\/div>\r\n\t\t\t\t\t<\/div>\r\n\t\t\t\t<\/section>\r\n\t\t\t\t<section class=\"elementor-section elementor-top-section elementor-element elementor-element-1a649438 elementor-section-boxed elementor-section-height-default elementor-section-height-default\" data-id=\"1a649438\" data-element_type=\"section\" data-e-type=\"section\">\r\n\t\t\r\n\t\t\t\t\t\t\t<div class=\"elementor-container elementor-column-gap-default\">\r\n\t\t\t\t\t\t\t\t\t\t\t<div class=\"elementor-column elementor-col-100 elementor-top-column elementor-element elementor-element-2ec20ac2\" data-id=\"2ec20ac2\" data-element_type=\"column\" data-e-type=\"column\" data-settings=\"{&quot;background_background&quot;:&quot;classic&quot;}\">\r\n\t\t\t\t\t<div class=\"elementor-widget-wrap elementor-element-populated\">\r\n\t\t\t\t\t\t\t\t<div class=\"elementor-element elementor-element-23fdba1c elementor-widget elementor-widget-html\" data-id=\"23fdba1c\" data-element_type=\"widget\" data-e-type=\"widget\" data-widget_type=\"html.default\">\n\t\t\t\t<div class=\"elementor-widget-container\">\n\t\t\t\t\t<a href=\"\/case-study-macpaw\" ><div class=\"box-001-case-study-macpaw\">\r\n<div class=\"box-001-case-study-macpaw-block\">\r\n<\/div>\r\n<div class=\"box-001-study-sigma-text\">Sobre MacPaw<\/div>\r\n<div class=\"box-001-study-sigma-text2\">MacPaw \u00e9 uma empresa de software que se concentra no desenvolvimento de solu\u00e7\u00f5es para Mac que melhoram a experi\u00eancia do usu\u00e1rio e a tornam mais simples e produtivas.<br>\r\nOs usu\u00e1rios e o mercado conhecem a MacPaw pelas ferramentas que desenvolveram, como CleanMyMac X, Gemini 2, ClearVPN e muito mais. \r\nAs solu\u00e7\u00f5es MacPaw visam principalmente elevar a experi\u00eancia do usu\u00e1rio Apple; no entanto, a empresa tamb\u00e9m criou ferramentas para usu\u00e1rios do sistema operacional Windows.\r\n\r\n<\/div>\r\n<div class=\"box-007-button\">Saber mais <img decoding=\"async\" class=\"alignnone size-full wp-image-10768\"  src=\"\/wp-content\/uploads\/2022\/08\/Arrow-3.svg\"   \/><\/div>\r\n\r\n<\/div><\/a>\t\t\t\t<\/div>\n\t\t\t\t<\/div>\n\t\t\t\t<div class=\"elementor-element elementor-element-3492c613 elementor-widget elementor-widget-spacer\" data-id=\"3492c613\" data-element_type=\"widget\" data-e-type=\"widget\" data-widget_type=\"spacer.default\">\n\t\t\t\t<div class=\"elementor-widget-container\">\n\t\t\t\t\t\t\t<div class=\"elementor-spacer\">\n\t\t\t<div class=\"elementor-spacer-inner\"><\/div>\n\t\t<\/div>\n\t\t\t\t\t\t<\/div>\n\t\t\t\t<\/div>\n\t\t\t\t\t<\/div>\r\n\t\t\t\t<\/div>\r\n\t\t\t\t\t<\/div>\r\n\t\t\t\t<\/section>\r\n\t\t\t\t<section class=\"elementor-section elementor-top-section elementor-element elementor-element-6a50d44a elementor-section-boxed elementor-section-height-default elementor-section-height-default\" data-id=\"6a50d44a\" data-element_type=\"section\" data-e-type=\"section\">\r\n\t\t\r\n\t\t\t\t\t\t\t<div class=\"elementor-container elementor-column-gap-default\">\r\n\t\t\t\t\t\t\t\t\t\t\t<div class=\"elementor-column elementor-col-50 elementor-top-column elementor-element elementor-element-1895f1e4\" data-id=\"1895f1e4\" data-element_type=\"column\" data-e-type=\"column\">\r\n\t\t\t\t\t<div class=\"elementor-widget-wrap elementor-element-populated\">\r\n\t\t\t\t\t\t\t\t<div class=\"elementor-element elementor-element-95a18ad elementor-widget elementor-widget-html\" data-id=\"95a18ad\" data-element_type=\"widget\" data-e-type=\"widget\" data-widget_type=\"html.default\">\n\t\t\t\t<div class=\"elementor-widget-container\">\n\t\t\t\t\t<a href=\"\/elai-languages\" style=\"cursor: pointer;\"><div class=\"box-003\">\r\n<div class=\"box-003-ai-dubbing\">\r\n<\/div>\r\n<div class=\"box-003-text-ai-dubbing\">Mais de 75 Idiomas<br>\r\n Suportados<\/div>\r\n<div class=\"box-003-button-ai-dubbing\">Ver tudo <div class=\"box-003-arrow\"><\/div><\/div>\r\n\r\n<\/div><\/a>\t\t\t\t<\/div>\n\t\t\t\t<\/div>\n\t\t\t\t\t<\/div>\r\n\t\t\t\t<\/div>\r\n\t\t\t\t<div class=\"elementor-column elementor-col-50 elementor-top-column elementor-element elementor-element-570df7f7\" data-id=\"570df7f7\" data-element_type=\"column\" data-e-type=\"column\">\r\n\t\t\t\t\t<div class=\"elementor-widget-wrap elementor-element-populated\">\r\n\t\t\t\t\t\t\t\t<div class=\"elementor-element elementor-element-5e173b5a elementor-widget elementor-widget-html\" data-id=\"5e173b5a\" data-element_type=\"widget\" data-e-type=\"widget\" data-widget_type=\"html.default\">\n\t\t\t\t<div class=\"elementor-widget-container\">\n\t\t\t\t\t<a href=\"https:\/\/elai.io\/avatars\" style=\"cursor: pointer;\"><div class=\"box-002\">\r\n<div class=\"box-002-block\">\r\n<\/div>\r\n<div class=\"box-002-text\">Escolha entre uma ampla variedade de apresentadores de v\u00eddeo<\/div>\r\n<div class=\"box-002-button\">Ver tudo <img decoding=\"async\" class=\"alignnone size-full wp-image-10768\"  src=\"\/wp-content\/uploads\/2022\/08\/Arrow-3.svg\"   \/><\/div>\r\n\r\n<\/div><\/a>\t\t\t\t<\/div>\n\t\t\t\t<\/div>\n\t\t\t\t\t<\/div>\r\n\t\t\t\t<\/div>\r\n\t\t\t\t\t<\/div>\r\n\t\t\t\t<\/section>\r\n\t\t\t\t<section class=\"elementor-section elementor-top-section elementor-element elementor-element-23aa6141 elementor-section-boxed elementor-section-height-default elementor-section-height-default\" data-id=\"23aa6141\" data-element_type=\"section\" data-e-type=\"section\" data-settings=\"{&quot;background_background&quot;:&quot;classic&quot;}\">\r\n\t\t\t\t\t\t<div class=\"elementor-background-overlay\"><\/div>\r\n\t\t\t\r\n\t\t\t\t\t\t\t<div class=\"elementor-container elementor-column-gap-default\">\r\n\t\t\t\t\t\t\t\t\t\t\t<div class=\"elementor-column elementor-col-100 elementor-top-column elementor-element elementor-element-3f88fc0e\" data-id=\"3f88fc0e\" data-element_type=\"column\" data-e-type=\"column\">\r\n\t\t\t\t\t<div class=\"elementor-widget-wrap elementor-element-populated\">\r\n\t\t\t\t\t\t\t\t<div class=\"elementor-element elementor-element-378ca293 elementor-widget elementor-widget-spacer\" data-id=\"378ca293\" data-element_type=\"widget\" data-e-type=\"widget\" data-widget_type=\"spacer.default\">\n\t\t\t\t<div class=\"elementor-widget-container\">\n\t\t\t\t\t\t\t<div class=\"elementor-spacer\">\n\t\t\t<div class=\"elementor-spacer-inner\"><\/div>\n\t\t<\/div>\n\t\t\t\t\t\t<\/div>\n\t\t\t\t<\/div>\n\t\t\t\t\t<\/div>\r\n\t\t\t\t<\/div>\r\n\t\t\t\t\t<\/div>\r\n\t\t\t\t<\/section>\r\n\t\t\t\t<\/div>\n\t\t","protected":false},"excerpt":{"rendered":"<p>Estudos de Caso Crie cursos de e-learning, v\u00eddeos de onboarding de RH, explicadores e muito mais. Acelere a produ\u00e7\u00e3o de v\u00eddeo com Elai hoje. Experimente Elai gratuitamente Como aumentar o envolvimento do espectador com avatares digitais? Veja como a PetroShore Compliance usou avatares digitais da Elai.io em seus v\u00eddeos de e-learning e aumentou com sucesso [&hellip;]<\/p>\n","protected":false},"author":12,"featured_media":0,"parent":0,"menu_order":0,"comment_status":"closed","ping_status":"closed","template":"","meta":{"_acf_changed":false,"inline_featured_image":false,"footnotes":""},"class_list":["post-41519","page","type-page","status-publish","hentry"],"acf":[],"yoast_head":"<!-- This site is optimized with the Yoast SEO Premium plugin v27.4 (Yoast SEO v27.4) - https:\/\/yoast.com\/product\/yoast-seo-premium-wordpress\/ -->\n<title>Estudo de casos na cria\u00e7\u00e3o de videos IA - Elai.io<\/title>\n<meta name=\"description\" content=\"Elai \u00e9 uma ferramenta de IA para criar v\u00eddeos a partir de texto. Leia as hist\u00f3rias dos usu\u00e1rios e empresas para ver suas experi\u00eancias pessoais.\" \/>\n<meta name=\"robots\" content=\"index, follow, max-snippet:-1, max-image-preview:large, max-video-preview:-1\" \/>\n<link rel=\"canonical\" href=\"https:\/\/elai.io\/pt-pt\/case-studies\/\" \/>\n<meta property=\"og:locale\" content=\"pt_PT\" \/>\n<meta property=\"og:type\" content=\"article\" \/>\n<meta property=\"og:title\" content=\"Case Studies\" \/>\n<meta property=\"og:description\" content=\"Elai \u00e9 uma ferramenta de IA para criar v\u00eddeos a partir de texto. Leia as hist\u00f3rias dos usu\u00e1rios e empresas para ver suas experi\u00eancias pessoais.\" \/>\n<meta property=\"og:url\" content=\"https:\/\/elai.io\/pt-pt\/case-studies\/\" \/>\n<meta property=\"og:site_name\" content=\"Elai.io\" \/>\n<meta property=\"article:modified_time\" content=\"2025-05-16T17:15:51+00:00\" \/>\n<meta name=\"twitter:card\" content=\"summary_large_image\" \/>\n<meta name=\"twitter:label1\" content=\"Est. reading time\" \/>\n\t<meta name=\"twitter:data1\" content=\"3 minutos\" \/>\n<script type=\"application\/ld+json\" class=\"yoast-schema-graph\">{\"@context\":\"https:\\\/\\\/schema.org\",\"@graph\":[{\"@type\":\"WebPage\",\"@id\":\"https:\\\/\\\/elai.io\\\/pt-pt\\\/case-studies\\\/\",\"url\":\"https:\\\/\\\/elai.io\\\/pt-pt\\\/case-studies\\\/\",\"name\":\"Estudo de casos na cria\u00e7\u00e3o de videos IA - Elai.io\",\"isPartOf\":{\"@id\":\"https:\\\/\\\/elai.io\\\/pt-pt\\\/#website\"},\"datePublished\":\"2022-05-26T14:27:55+00:00\",\"dateModified\":\"2025-05-16T17:15:51+00:00\",\"description\":\"Elai \u00e9 uma ferramenta de IA para criar v\u00eddeos a partir de texto. Leia as hist\u00f3rias dos usu\u00e1rios e empresas para ver suas experi\u00eancias pessoais.\",\"breadcrumb\":{\"@id\":\"https:\\\/\\\/elai.io\\\/pt-pt\\\/case-studies\\\/#breadcrumb\"},\"inLanguage\":\"pt-PT\",\"potentialAction\":[{\"@type\":\"ReadAction\",\"target\":[\"https:\\\/\\\/elai.io\\\/pt-pt\\\/case-studies\\\/\"]}]},{\"@type\":\"BreadcrumbList\",\"@id\":\"https:\\\/\\\/elai.io\\\/pt-pt\\\/case-studies\\\/#breadcrumb\",\"itemListElement\":[{\"@type\":\"ListItem\",\"position\":1,\"name\":\"Home\",\"item\":\"https:\\\/\\\/elai.io\\\/pt-pt\\\/\"},{\"@type\":\"ListItem\",\"position\":2,\"name\":\"Case Studies\"}]},{\"@type\":\"WebSite\",\"@id\":\"https:\\\/\\\/elai.io\\\/pt-pt\\\/#website\",\"url\":\"https:\\\/\\\/elai.io\\\/pt-pt\\\/\",\"name\":\"Elai.io\",\"description\":\"create AI videos from text\",\"publisher\":{\"@id\":\"https:\\\/\\\/elai.io\\\/pt-pt\\\/#organization\"},\"potentialAction\":[{\"@type\":\"SearchAction\",\"target\":{\"@type\":\"EntryPoint\",\"urlTemplate\":\"https:\\\/\\\/elai.io\\\/pt-pt\\\/?s={search_term_string}\"},\"query-input\":{\"@type\":\"PropertyValueSpecification\",\"valueRequired\":true,\"valueName\":\"search_term_string\"}}],\"inLanguage\":\"pt-PT\"},{\"@type\":\"Organization\",\"@id\":\"https:\\\/\\\/elai.io\\\/pt-pt\\\/#organization\",\"name\":\"Elai.io\",\"url\":\"https:\\\/\\\/elai.io\\\/pt-pt\\\/\",\"logo\":{\"@type\":\"ImageObject\",\"inLanguage\":\"pt-PT\",\"@id\":\"https:\\\/\\\/elai.io\\\/pt-pt\\\/#\\\/schema\\\/logo\\\/image\\\/\",\"url\":\"https:\\\/\\\/elai.io\\\/wp-content\\\/uploads\\\/2024\\\/10\\\/Component-2.svg\",\"contentUrl\":\"https:\\\/\\\/elai.io\\\/wp-content\\\/uploads\\\/2024\\\/10\\\/Component-2.svg\",\"caption\":\"Elai.io\"},\"image\":{\"@id\":\"https:\\\/\\\/elai.io\\\/pt-pt\\\/#\\\/schema\\\/logo\\\/image\\\/\"}}]}<\/script>\n<!-- \/ Yoast SEO Premium plugin. -->","yoast_head_json":{"title":"Estudo de casos na cria\u00e7\u00e3o de videos IA - Elai.io","description":"Elai \u00e9 uma ferramenta de IA para criar v\u00eddeos a partir de texto. Leia as hist\u00f3rias dos usu\u00e1rios e empresas para ver suas experi\u00eancias pessoais.","robots":{"index":"index","follow":"follow","max-snippet":"max-snippet:-1","max-image-preview":"max-image-preview:large","max-video-preview":"max-video-preview:-1"},"canonical":"https:\/\/elai.io\/pt-pt\/case-studies\/","og_locale":"pt_PT","og_type":"article","og_title":"Case Studies","og_description":"Elai \u00e9 uma ferramenta de IA para criar v\u00eddeos a partir de texto. Leia as hist\u00f3rias dos usu\u00e1rios e empresas para ver suas experi\u00eancias pessoais.","og_url":"https:\/\/elai.io\/pt-pt\/case-studies\/","og_site_name":"Elai.io","article_modified_time":"2025-05-16T17:15:51+00:00","twitter_card":"summary_large_image","twitter_misc":{"Est. reading time":"3 minutos"},"schema":{"@context":"https:\/\/schema.org","@graph":[{"@type":"WebPage","@id":"https:\/\/elai.io\/pt-pt\/case-studies\/","url":"https:\/\/elai.io\/pt-pt\/case-studies\/","name":"Estudo de casos na cria\u00e7\u00e3o de videos IA - Elai.io","isPartOf":{"@id":"https:\/\/elai.io\/pt-pt\/#website"},"datePublished":"2022-05-26T14:27:55+00:00","dateModified":"2025-05-16T17:15:51+00:00","description":"Elai \u00e9 uma ferramenta de IA para criar v\u00eddeos a partir de texto. Leia as hist\u00f3rias dos usu\u00e1rios e empresas para ver suas experi\u00eancias pessoais.","breadcrumb":{"@id":"https:\/\/elai.io\/pt-pt\/case-studies\/#breadcrumb"},"inLanguage":"pt-PT","potentialAction":[{"@type":"ReadAction","target":["https:\/\/elai.io\/pt-pt\/case-studies\/"]}]},{"@type":"BreadcrumbList","@id":"https:\/\/elai.io\/pt-pt\/case-studies\/#breadcrumb","itemListElement":[{"@type":"ListItem","position":1,"name":"Home","item":"https:\/\/elai.io\/pt-pt\/"},{"@type":"ListItem","position":2,"name":"Case Studies"}]},{"@type":"WebSite","@id":"https:\/\/elai.io\/pt-pt\/#website","url":"https:\/\/elai.io\/pt-pt\/","name":"Elai.io","description":"create AI videos from text","publisher":{"@id":"https:\/\/elai.io\/pt-pt\/#organization"},"potentialAction":[{"@type":"SearchAction","target":{"@type":"EntryPoint","urlTemplate":"https:\/\/elai.io\/pt-pt\/?s={search_term_string}"},"query-input":{"@type":"PropertyValueSpecification","valueRequired":true,"valueName":"search_term_string"}}],"inLanguage":"pt-PT"},{"@type":"Organization","@id":"https:\/\/elai.io\/pt-pt\/#organization","name":"Elai.io","url":"https:\/\/elai.io\/pt-pt\/","logo":{"@type":"ImageObject","inLanguage":"pt-PT","@id":"https:\/\/elai.io\/pt-pt\/#\/schema\/logo\/image\/","url":"https:\/\/elai.io\/wp-content\/uploads\/2024\/10\/Component-2.svg","contentUrl":"https:\/\/elai.io\/wp-content\/uploads\/2024\/10\/Component-2.svg","caption":"Elai.io"},"image":{"@id":"https:\/\/elai.io\/pt-pt\/#\/schema\/logo\/image\/"}}]}},"_links":{"self":[{"href":"https:\/\/elai.io\/pt-pt\/wp-json\/wp\/v2\/pages\/41519","targetHints":{"allow":["GET"]}}],"collection":[{"href":"https:\/\/elai.io\/pt-pt\/wp-json\/wp\/v2\/pages"}],"about":[{"href":"https:\/\/elai.io\/pt-pt\/wp-json\/wp\/v2\/types\/page"}],"author":[{"embeddable":true,"href":"https:\/\/elai.io\/pt-pt\/wp-json\/wp\/v2\/users\/12"}],"replies":[{"embeddable":true,"href":"https:\/\/elai.io\/pt-pt\/wp-json\/wp\/v2\/comments?post=41519"}],"version-history":[{"count":0,"href":"https:\/\/elai.io\/pt-pt\/wp-json\/wp\/v2\/pages\/41519\/revisions"}],"wp:attachment":[{"href":"https:\/\/elai.io\/pt-pt\/wp-json\/wp\/v2\/media?parent=41519"}],"curies":[{"name":"wp","href":"https:\/\/api.w.org\/{rel}","templated":true}]}}