{"id":34275,"date":"2023-06-30T11:57:21","date_gmt":"2023-06-30T08:57:21","guid":{"rendered":"https:\/\/elai.io\/our-values-3"},"modified":"2025-05-16T20:09:26","modified_gmt":"2025-05-16T17:09:26","slug":"our-values","status":"publish","type":"page","link":"https:\/\/elai.io\/es\/our-values\/","title":{"rendered":"Our Values"},"content":{"rendered":"\t\t<div data-elementor-type=\"wp-post\" data-elementor-id=\"34275\" class=\"elementor elementor-34275\" data-elementor-post-type=\"page\">\n\t\t\t\t\t\t<section class=\"elementor-section elementor-top-section elementor-element elementor-element-bec7ba4 elementor-section-height-full elementor-section-boxed elementor-section-height-default elementor-section-items-middle\" data-id=\"bec7ba4\" data-element_type=\"section\" data-e-type=\"section\" data-settings=\"{&quot;background_background&quot;:&quot;classic&quot;}\">\r\n\t\t\r\n\t\t\t\t\t\t\t<div class=\"elementor-container elementor-column-gap-default\">\r\n\t\t\t\t\t\t\t\t\t\t\t<div class=\"elementor-column elementor-col-100 elementor-top-column elementor-element elementor-element-99580c0\" data-id=\"99580c0\" data-element_type=\"column\" data-e-type=\"column\">\r\n\t\t\t\t\t<div class=\"elementor-widget-wrap elementor-element-populated\">\r\n\t\t\t\t\t\t\t\t<section class=\"elementor-section elementor-inner-section elementor-element elementor-element-9f01185 elementor-section-boxed elementor-section-height-default elementor-section-height-default\" data-id=\"9f01185\" data-element_type=\"section\" data-e-type=\"section\">\r\n\t\t\r\n\t\t\t\t\t\t\t<div class=\"elementor-container elementor-column-gap-default\">\r\n\t\t\t\t\t\t\t\t\t\t\t<div class=\"elementor-column elementor-col-100 elementor-inner-column elementor-element elementor-element-3a1662f\" data-id=\"3a1662f\" data-element_type=\"column\" data-e-type=\"column\">\r\n\t\t\t\t\t<div class=\"elementor-widget-wrap elementor-element-populated\">\r\n\t\t\t\t\t\t\t\t<div class=\"elementor-element elementor-element-55ef262 elementor-widget elementor-widget-text-editor\" data-id=\"55ef262\" data-element_type=\"widget\" data-e-type=\"widget\" data-widget_type=\"text-editor.default\">\n\t\t\t\t<div class=\"elementor-widget-container\">\n\t\t\t\t\t\t\t\t\t<div style=\"position: absolute; right: -20px; max-width: 400px;\">\n<div class=\"box-our-values-001-text2\">Empoderamiento, autenticidad y confianza sustentadas con integridad e inclusi\u00f3n.<\/div>\n<\/div>\t\t\t\t\t\t\t\t<\/div>\n\t\t\t\t<\/div>\n\t\t\t\t\t<\/div>\r\n\t\t\t\t<\/div>\r\n\t\t\t\t\t<\/div>\r\n\t\t\t\t<\/section>\r\n\t\t\t\t<div class=\"elementor-element elementor-element-4c38e35 elementor-widget elementor-widget-spacer\" data-id=\"4c38e35\" data-element_type=\"widget\" data-e-type=\"widget\" data-widget_type=\"spacer.default\">\n\t\t\t\t<div class=\"elementor-widget-container\">\n\t\t\t\t\t\t\t<div class=\"elementor-spacer\">\n\t\t\t<div class=\"elementor-spacer-inner\"><\/div>\n\t\t<\/div>\n\t\t\t\t\t\t<\/div>\n\t\t\t\t<\/div>\n\t\t\t\t<section class=\"elementor-section elementor-inner-section elementor-element elementor-element-07ca7cc elementor-section-boxed elementor-section-height-default elementor-section-height-default\" data-id=\"07ca7cc\" data-element_type=\"section\" data-e-type=\"section\">\r\n\t\t\r\n\t\t\t\t\t\t\t<div class=\"elementor-container elementor-column-gap-default\">\r\n\t\t\t\t\t\t\t\t\t\t\t<div class=\"elementor-column elementor-col-50 elementor-inner-column elementor-element elementor-element-8e767b7\" data-id=\"8e767b7\" data-element_type=\"column\" data-e-type=\"column\">\r\n\t\t\t\t\t<div class=\"elementor-widget-wrap elementor-element-populated\">\r\n\t\t\t\t\t\t\t\t<div class=\"elementor-element elementor-element-fce7099 title elementor-widget elementor-widget-text-editor\" data-id=\"fce7099\" data-element_type=\"widget\" data-e-type=\"widget\" data-widget_type=\"text-editor.default\">\n\t\t\t\t<div class=\"elementor-widget-container\">\n\t\t\t\t\t\t\t\t\t<h1 class=\"box-our-values-001-text1\"><strong>Adopta los valores de Elai<\/strong><\/h1>\t\t\t\t\t\t\t\t<\/div>\n\t\t\t\t<\/div>\n\t\t\t\t\t<\/div>\r\n\t\t\t\t<\/div>\r\n\t\t\t\t<div class=\"elementor-column elementor-col-50 elementor-inner-column elementor-element elementor-element-8eedebd\" data-id=\"8eedebd\" data-element_type=\"column\" data-e-type=\"column\">\r\n\t\t\t\t\t<div class=\"elementor-widget-wrap\">\r\n\t\t\t\t\t\t\t\t\t<\/div>\r\n\t\t\t\t<\/div>\r\n\t\t\t\t\t<\/div>\r\n\t\t\t\t<\/section>\r\n\t\t\t\t\t<\/div>\r\n\t\t\t\t<\/div>\r\n\t\t\t\t\t<\/div>\r\n\t\t\t\t<\/section>\r\n\t\t\t\t<section class=\"elementor-section elementor-top-section elementor-element elementor-element-491d993 elementor-section-boxed elementor-section-height-default elementor-section-height-default\" data-id=\"491d993\" data-element_type=\"section\" data-e-type=\"section\">\r\n\t\t\r\n\t\t\t\t\t\t\t<div class=\"elementor-container elementor-column-gap-default\">\r\n\t\t\t\t\t\t\t\t\t\t\t<div class=\"elementor-column elementor-col-100 elementor-top-column elementor-element elementor-element-c98801f\" data-id=\"c98801f\" data-element_type=\"column\" data-e-type=\"column\">\r\n\t\t\t\t\t<div class=\"elementor-widget-wrap elementor-element-populated\">\r\n\t\t\t\t\t\t\t\t<div class=\"elementor-element elementor-element-39367b7 elementor-widget elementor-widget-spacer\" data-id=\"39367b7\" data-element_type=\"widget\" data-e-type=\"widget\" data-widget_type=\"spacer.default\">\n\t\t\t\t<div class=\"elementor-widget-container\">\n\t\t\t\t\t\t\t<div class=\"elementor-spacer\">\n\t\t\t<div class=\"elementor-spacer-inner\"><\/div>\n\t\t<\/div>\n\t\t\t\t\t\t<\/div>\n\t\t\t\t<\/div>\n\t\t\t\t<div class=\"elementor-element elementor-element-6c8849e elementor-widget elementor-widget-html\" data-id=\"6c8849e\" data-element_type=\"widget\" data-e-type=\"widget\" data-widget_type=\"html.default\">\n\t\t\t\t<div class=\"elementor-widget-container\">\n\t\t\t\t\t<div class=\"box-our-values-002-block\">\r\n<div class=\"box-our-values-002-img-001\">\r\n<\/div>\r\n<div class=\"box-our-values-002-text104\">#1<\/div>\r\n<div class=\"box-our-values-002-text1\">La privacidad es lo primero<\/div>\r\n<div class=\"box-our-values-002-text2\">La privacidad es un tema de gran importancia en este mundo digital acelerado. En Elai.io, priorizamos la protecci\u00f3n de tu privacidad y te brindamos las herramientas y el conocimiento necesarios para proteger tus datos personales.<\/div>\r\n<\/div>\t\t\t\t<\/div>\n\t\t\t\t<\/div>\n\t\t\t\t\t<\/div>\r\n\t\t\t\t<\/div>\r\n\t\t\t\t\t<\/div>\r\n\t\t\t\t<\/section>\r\n\t\t\t\t<section class=\"elementor-section elementor-top-section elementor-element elementor-element-8e27c83 elementor-section-boxed elementor-section-height-default elementor-section-height-default\" data-id=\"8e27c83\" data-element_type=\"section\" data-e-type=\"section\">\r\n\t\t\r\n\t\t\t\t\t\t\t<div class=\"elementor-container elementor-column-gap-default\">\r\n\t\t\t\t\t\t\t\t\t\t\t<div class=\"elementor-column elementor-col-50 elementor-top-column elementor-element elementor-element-366d2c3\" data-id=\"366d2c3\" data-element_type=\"column\" data-e-type=\"column\">\r\n\t\t\t\t\t<div class=\"elementor-widget-wrap elementor-element-populated\">\r\n\t\t\t\t\t\t\t\t<div class=\"elementor-element elementor-element-8cdd650 elementor-widget elementor-widget-html\" data-id=\"8cdd650\" data-element_type=\"widget\" data-e-type=\"widget\" data-widget_type=\"html.default\">\n\t\t\t\t<div class=\"elementor-widget-container\">\n\t\t\t\t\t<div class=\"box-our-values-002-block\">\r\n<div class=\"box-our-values-002-img-002\">\r\n<\/div>\r\n<div class=\"box-our-values-002-text100\">e<\/div>\r\n<div class=\"box-our-values-002-text101\">#2<\/div>\r\n<div class=\"box-our-values-002-text14\">Diversidad<br> inclusi\u00f3n<\/div>\r\n<div class=\"box-our-values-002-text24\">Respetar la diversidad y la inclusi\u00f3n contribuye a crear un entorno productivo. Tambi\u00e9n implica incorporar perspectivas y experiencias \u00fanicas para impulsar la innovaci\u00f3n.<\/div>\r\n<\/div>\t\t\t\t<\/div>\n\t\t\t\t<\/div>\n\t\t\t\t\t<\/div>\r\n\t\t\t\t<\/div>\r\n\t\t\t\t<div class=\"elementor-column elementor-col-50 elementor-top-column elementor-element elementor-element-aafb74c\" data-id=\"aafb74c\" data-element_type=\"column\" data-e-type=\"column\">\r\n\t\t\t\t\t<div class=\"elementor-widget-wrap elementor-element-populated\">\r\n\t\t\t\t\t\t\t\t<div class=\"elementor-element elementor-element-9e285cb elementor-widget elementor-widget-html\" data-id=\"9e285cb\" data-element_type=\"widget\" data-e-type=\"widget\" data-widget_type=\"html.default\">\n\t\t\t\t<div class=\"elementor-widget-container\">\n\t\t\t\t\t<div class=\"box-our-values-002-block2\">\r\n<div class=\"box-our-values-002-img-003\">\r\n<\/div>\r\n<div class=\"box-our-values-002-text102\">#3<\/div>\r\n<div class=\"box-our-values-002-text15\">Confianza en las personas<\/div>\r\n<div class=\"box-our-values-002-text25\">Estamos convencidos de que garantizar la confianza en todas las pr\u00e1cticas empresariales es un aspecto fundamental para crear un entorno empresarial pr\u00f3spero y fidelizar a los clientes.<\/div>\r\n<\/div>\t\t\t\t<\/div>\n\t\t\t\t<\/div>\n\t\t\t\t\t<\/div>\r\n\t\t\t\t<\/div>\r\n\t\t\t\t\t<\/div>\r\n\t\t\t\t<\/section>\r\n\t\t\t\t<section class=\"elementor-section elementor-top-section elementor-element elementor-element-5839c39 elementor-section-boxed elementor-section-height-default elementor-section-height-default\" data-id=\"5839c39\" data-element_type=\"section\" data-e-type=\"section\">\r\n\t\t\r\n\t\t\t\t\t\t\t<div class=\"elementor-container elementor-column-gap-default\">\r\n\t\t\t\t\t\t\t\t\t\t\t<div class=\"elementor-column elementor-col-50 elementor-top-column elementor-element elementor-element-39a4f66\" data-id=\"39a4f66\" data-element_type=\"column\" data-e-type=\"column\">\r\n\t\t\t\t\t<div class=\"elementor-widget-wrap elementor-element-populated\">\r\n\t\t\t\t\t\t\t\t<div class=\"elementor-element elementor-element-406fde0 elementor-widget elementor-widget-html\" data-id=\"406fde0\" data-element_type=\"widget\" data-e-type=\"widget\" data-widget_type=\"html.default\">\n\t\t\t\t<div class=\"elementor-widget-container\">\n\t\t\t\t\t<div class=\"box-our-values-002-block2\">\r\n<div class=\"box-our-values-002-img-004\">\r\n<\/div>\r\n<div class=\"box-our-values-002-text103\">#4<\/div>\r\n<div class=\"box-our-values-002-text13\">Magia centrada en el cliente<\/div>\r\n<div class=\"box-our-values-002-text23\">En Elai.io, nuestra prioridad es entender a nuestros clientes. Escuchamos activamente sus necesidades, preferencias y comentarios, esforz\u00e1ndonos por conocer a fondo lo que realmente les importa.<\/div>\r\n<\/div>\t\t\t\t<\/div>\n\t\t\t\t<\/div>\n\t\t\t\t\t<\/div>\r\n\t\t\t\t<\/div>\r\n\t\t\t\t<div class=\"elementor-column elementor-col-50 elementor-top-column elementor-element elementor-element-30d8f8f\" data-id=\"30d8f8f\" data-element_type=\"column\" data-e-type=\"column\">\r\n\t\t\t\t\t<div class=\"elementor-widget-wrap elementor-element-populated\">\r\n\t\t\t\t\t\t\t\t<div class=\"elementor-element elementor-element-ee8bcb4 elementor-widget elementor-widget-html\" data-id=\"ee8bcb4\" data-element_type=\"widget\" data-e-type=\"widget\" data-widget_type=\"html.default\">\n\t\t\t\t<div class=\"elementor-widget-container\">\n\t\t\t\t\t<div class=\"box-our-values-002-block\">\r\n<div class=\"box-our-values-002-img-005\">\r\n<\/div>\r\n<div class=\"box-our-values-002-text104\">#5<\/div>\r\n<div class=\"box-our-values-002-text12\">Innovaci\u00f3n<br> incesante<\/div>\r\n<div class=\"box-our-values-002-text22\">Elai es una tierra f\u00e9rtil para la innovaci\u00f3n, donde prospera la creatividad y surgen nuevas posibilidades. Promovemos un entorno que fomenta y nutre la innovaci\u00f3n, asumiendo riesgos calculados y desafiando el statu quo. <\/div>\r\n<a class=\"box-our-values-003-button\" href=\"elai-technologies\">M\u00e1s informaci\u00f3n \r\n<div class=\"box-003-arrow\"><\/div><\/a>\r\n<\/div>\t\t\t\t<\/div>\n\t\t\t\t<\/div>\n\t\t\t\t\t<\/div>\r\n\t\t\t\t<\/div>\r\n\t\t\t\t\t<\/div>\r\n\t\t\t\t<\/section>\r\n\t\t\t\t<section class=\"elementor-section elementor-top-section elementor-element elementor-element-055e0d1 elementor-section-boxed elementor-section-height-default elementor-section-height-default\" data-id=\"055e0d1\" data-element_type=\"section\" data-e-type=\"section\">\r\n\t\t\r\n\t\t\t\t\t\t\t<div class=\"elementor-container elementor-column-gap-default\">\r\n\t\t\t\t\t\t\t\t\t\t\t<div class=\"elementor-column elementor-col-100 elementor-top-column elementor-element elementor-element-62b8c3e\" data-id=\"62b8c3e\" data-element_type=\"column\" data-e-type=\"column\">\r\n\t\t\t\t\t<div class=\"elementor-widget-wrap elementor-element-populated\">\r\n\t\t\t\t\t\t\t\t<div class=\"elementor-element elementor-element-2c24866 elementor-widget elementor-widget-spacer\" data-id=\"2c24866\" data-element_type=\"widget\" data-e-type=\"widget\" data-widget_type=\"spacer.default\">\n\t\t\t\t<div class=\"elementor-widget-container\">\n\t\t\t\t\t\t\t<div class=\"elementor-spacer\">\n\t\t\t<div class=\"elementor-spacer-inner\"><\/div>\n\t\t<\/div>\n\t\t\t\t\t\t<\/div>\n\t\t\t\t<\/div>\n\t\t\t\t\t<\/div>\r\n\t\t\t\t<\/div>\r\n\t\t\t\t\t<\/div>\r\n\t\t\t\t<\/section>\r\n\t\t\t\t<section class=\"elementor-section elementor-top-section elementor-element elementor-element-d7bed9a elementor-section-full_width elementor-section-height-default elementor-section-height-default\" data-id=\"d7bed9a\" data-element_type=\"section\" data-e-type=\"section\">\r\n\t\t\r\n\t\t\t\t\t\t\t<div class=\"elementor-container elementor-column-gap-default\">\r\n\t\t\t\t\t\t\t\t\t\t\t<div class=\"elementor-column elementor-col-100 elementor-top-column elementor-element elementor-element-da74896\" data-id=\"da74896\" data-element_type=\"column\" data-e-type=\"column\" data-settings=\"{&quot;background_background&quot;:&quot;classic&quot;}\">\r\n\t\t\t\t\t<div class=\"elementor-widget-wrap elementor-element-populated\">\r\n\t\t\t\t\t\t\t\t<div class=\"elementor-element elementor-element-92eadbf elementor-widget elementor-widget-html\" data-id=\"92eadbf\" data-element_type=\"widget\" data-e-type=\"widget\" data-widget_type=\"html.default\">\n\t\t\t\t<div class=\"elementor-widget-container\">\n\t\t\t\t\t<div class=\"box-our-values-003-block\">\r\n\r\n<div class=\"box-our-values-002-text103\">#6<\/div>\r\n<div class=\"box-our-values-003-text11\">Transformar el mundo con tecnolog\u00eda<\/div>\r\n<div class=\"box-our-values-003-text21\">Desbloquea posibilidades ilimitadas: da rienda suelta a tu imaginaci\u00f3n con el potente conjunto de funciones de Elai<\/div>\r\n<a class=\"box-our-values-004-button\" href=\"features\">Ver todas las funciones \r\n<div class=\"box-003-arrow\"><\/div><\/a>\r\n<\/div>\t\t\t\t<\/div>\n\t\t\t\t<\/div>\n\t\t\t\t\t<\/div>\r\n\t\t\t\t<\/div>\r\n\t\t\t\t\t<\/div>\r\n\t\t\t\t<\/section>\r\n\t\t\t\t<\/div>\n\t\t","protected":false},"excerpt":{"rendered":"<p>Empoderamiento, autenticidad y confianza sustentadas con integridad e inclusi\u00f3n. Adopta los valores de Elai #1 La privacidad es lo primero La privacidad es un tema de gran importancia en este mundo digital acelerado. En Elai.io, priorizamos la protecci\u00f3n de tu privacidad y te brindamos las herramientas y el conocimiento necesarios para proteger tus datos personales. [&hellip;]<\/p>\n","protected":false},"author":12,"featured_media":33809,"parent":0,"menu_order":0,"comment_status":"closed","ping_status":"closed","template":"","meta":{"_acf_changed":false,"inline_featured_image":false,"footnotes":""},"class_list":["post-34275","page","type-page","status-publish","has-post-thumbnail","hentry"],"acf":[],"yoast_head":"<!-- This site is optimized with the Yoast SEO Premium plugin v27.4 (Yoast SEO v27.4) - https:\/\/yoast.com\/product\/yoast-seo-premium-wordpress\/ -->\n<title>Elai\u2019s valores<\/title>\n<meta name=\"description\" content=\"Aprende m\u00e1s sobre los valores de Elai.io\" \/>\n<meta name=\"robots\" content=\"index, follow, max-snippet:-1, max-image-preview:large, max-video-preview:-1\" \/>\n<link rel=\"canonical\" href=\"https:\/\/elai.io\/es\/our-values\/\" \/>\n<meta property=\"og:locale\" content=\"es_ES\" \/>\n<meta property=\"og:type\" content=\"article\" \/>\n<meta property=\"og:title\" content=\"Our Values\" \/>\n<meta property=\"og:description\" content=\"Aprende m\u00e1s sobre los valores de Elai.io\" \/>\n<meta property=\"og:url\" content=\"https:\/\/elai.io\/es\/our-values\/\" \/>\n<meta property=\"og:site_name\" content=\"Elai.io\" \/>\n<meta property=\"article:modified_time\" content=\"2025-05-16T17:09:26+00:00\" \/>\n<meta property=\"og:image\" content=\"https:\/\/elai.io\/wp-content\/uploads\/2023\/06\/our-values.webp\" \/>\n\t<meta property=\"og:image:width\" content=\"1400\" \/>\n\t<meta property=\"og:image:height\" content=\"800\" \/>\n\t<meta property=\"og:image:type\" content=\"image\/webp\" \/>\n<meta name=\"twitter:card\" content=\"summary_large_image\" \/>\n<meta name=\"twitter:label1\" content=\"Est. reading time\" \/>\n\t<meta name=\"twitter:data1\" content=\"1 minuto\" \/>\n<script type=\"application\/ld+json\" class=\"yoast-schema-graph\">{\"@context\":\"https:\\\/\\\/schema.org\",\"@graph\":[{\"@type\":\"WebPage\",\"@id\":\"https:\\\/\\\/elai.io\\\/es\\\/our-values\\\/\",\"url\":\"https:\\\/\\\/elai.io\\\/es\\\/our-values\\\/\",\"name\":\"Elai\u2019s valores\",\"isPartOf\":{\"@id\":\"https:\\\/\\\/elai.io\\\/es\\\/#website\"},\"primaryImageOfPage\":{\"@id\":\"https:\\\/\\\/elai.io\\\/es\\\/our-values\\\/#primaryimage\"},\"image\":{\"@id\":\"https:\\\/\\\/elai.io\\\/es\\\/our-values\\\/#primaryimage\"},\"thumbnailUrl\":\"https:\\\/\\\/elai.io\\\/wp-content\\\/uploads\\\/2023\\\/06\\\/our-values.webp\",\"datePublished\":\"2023-06-30T08:57:21+00:00\",\"dateModified\":\"2025-05-16T17:09:26+00:00\",\"description\":\"Aprende m\u00e1s sobre los valores de Elai.io\",\"breadcrumb\":{\"@id\":\"https:\\\/\\\/elai.io\\\/es\\\/our-values\\\/#breadcrumb\"},\"inLanguage\":\"es\",\"potentialAction\":[{\"@type\":\"ReadAction\",\"target\":[\"https:\\\/\\\/elai.io\\\/es\\\/our-values\\\/\"]}]},{\"@type\":\"ImageObject\",\"inLanguage\":\"es\",\"@id\":\"https:\\\/\\\/elai.io\\\/es\\\/our-values\\\/#primaryimage\",\"url\":\"https:\\\/\\\/elai.io\\\/wp-content\\\/uploads\\\/2023\\\/06\\\/our-values.webp\",\"contentUrl\":\"https:\\\/\\\/elai.io\\\/wp-content\\\/uploads\\\/2023\\\/06\\\/our-values.webp\",\"width\":1400,\"height\":800},{\"@type\":\"BreadcrumbList\",\"@id\":\"https:\\\/\\\/elai.io\\\/es\\\/our-values\\\/#breadcrumb\",\"itemListElement\":[{\"@type\":\"ListItem\",\"position\":1,\"name\":\"Home\",\"item\":\"https:\\\/\\\/elai.io\\\/es\\\/\"},{\"@type\":\"ListItem\",\"position\":2,\"name\":\"Our Values\"}]},{\"@type\":\"WebSite\",\"@id\":\"https:\\\/\\\/elai.io\\\/es\\\/#website\",\"url\":\"https:\\\/\\\/elai.io\\\/es\\\/\",\"name\":\"Elai.io\",\"description\":\"create AI videos from text\",\"publisher\":{\"@id\":\"https:\\\/\\\/elai.io\\\/es\\\/#organization\"},\"potentialAction\":[{\"@type\":\"SearchAction\",\"target\":{\"@type\":\"EntryPoint\",\"urlTemplate\":\"https:\\\/\\\/elai.io\\\/es\\\/?s={search_term_string}\"},\"query-input\":{\"@type\":\"PropertyValueSpecification\",\"valueRequired\":true,\"valueName\":\"search_term_string\"}}],\"inLanguage\":\"es\"},{\"@type\":\"Organization\",\"@id\":\"https:\\\/\\\/elai.io\\\/es\\\/#organization\",\"name\":\"Elai.io\",\"url\":\"https:\\\/\\\/elai.io\\\/es\\\/\",\"logo\":{\"@type\":\"ImageObject\",\"inLanguage\":\"es\",\"@id\":\"https:\\\/\\\/elai.io\\\/es\\\/#\\\/schema\\\/logo\\\/image\\\/\",\"url\":\"https:\\\/\\\/elai.io\\\/wp-content\\\/uploads\\\/2024\\\/10\\\/Component-2.svg\",\"contentUrl\":\"https:\\\/\\\/elai.io\\\/wp-content\\\/uploads\\\/2024\\\/10\\\/Component-2.svg\",\"caption\":\"Elai.io\"},\"image\":{\"@id\":\"https:\\\/\\\/elai.io\\\/es\\\/#\\\/schema\\\/logo\\\/image\\\/\"}}]}<\/script>\n<!-- \/ Yoast SEO Premium plugin. -->","yoast_head_json":{"title":"Elai\u2019s valores","description":"Aprende m\u00e1s sobre los valores de Elai.io","robots":{"index":"index","follow":"follow","max-snippet":"max-snippet:-1","max-image-preview":"max-image-preview:large","max-video-preview":"max-video-preview:-1"},"canonical":"https:\/\/elai.io\/es\/our-values\/","og_locale":"es_ES","og_type":"article","og_title":"Our Values","og_description":"Aprende m\u00e1s sobre los valores de Elai.io","og_url":"https:\/\/elai.io\/es\/our-values\/","og_site_name":"Elai.io","article_modified_time":"2025-05-16T17:09:26+00:00","og_image":[{"width":1400,"height":800,"url":"https:\/\/elai.io\/wp-content\/uploads\/2023\/06\/our-values.webp","type":"image\/webp"}],"twitter_card":"summary_large_image","twitter_misc":{"Est. reading time":"1 minuto"},"schema":{"@context":"https:\/\/schema.org","@graph":[{"@type":"WebPage","@id":"https:\/\/elai.io\/es\/our-values\/","url":"https:\/\/elai.io\/es\/our-values\/","name":"Elai\u2019s valores","isPartOf":{"@id":"https:\/\/elai.io\/es\/#website"},"primaryImageOfPage":{"@id":"https:\/\/elai.io\/es\/our-values\/#primaryimage"},"image":{"@id":"https:\/\/elai.io\/es\/our-values\/#primaryimage"},"thumbnailUrl":"https:\/\/elai.io\/wp-content\/uploads\/2023\/06\/our-values.webp","datePublished":"2023-06-30T08:57:21+00:00","dateModified":"2025-05-16T17:09:26+00:00","description":"Aprende m\u00e1s sobre los valores de Elai.io","breadcrumb":{"@id":"https:\/\/elai.io\/es\/our-values\/#breadcrumb"},"inLanguage":"es","potentialAction":[{"@type":"ReadAction","target":["https:\/\/elai.io\/es\/our-values\/"]}]},{"@type":"ImageObject","inLanguage":"es","@id":"https:\/\/elai.io\/es\/our-values\/#primaryimage","url":"https:\/\/elai.io\/wp-content\/uploads\/2023\/06\/our-values.webp","contentUrl":"https:\/\/elai.io\/wp-content\/uploads\/2023\/06\/our-values.webp","width":1400,"height":800},{"@type":"BreadcrumbList","@id":"https:\/\/elai.io\/es\/our-values\/#breadcrumb","itemListElement":[{"@type":"ListItem","position":1,"name":"Home","item":"https:\/\/elai.io\/es\/"},{"@type":"ListItem","position":2,"name":"Our Values"}]},{"@type":"WebSite","@id":"https:\/\/elai.io\/es\/#website","url":"https:\/\/elai.io\/es\/","name":"Elai.io","description":"create AI videos from text","publisher":{"@id":"https:\/\/elai.io\/es\/#organization"},"potentialAction":[{"@type":"SearchAction","target":{"@type":"EntryPoint","urlTemplate":"https:\/\/elai.io\/es\/?s={search_term_string}"},"query-input":{"@type":"PropertyValueSpecification","valueRequired":true,"valueName":"search_term_string"}}],"inLanguage":"es"},{"@type":"Organization","@id":"https:\/\/elai.io\/es\/#organization","name":"Elai.io","url":"https:\/\/elai.io\/es\/","logo":{"@type":"ImageObject","inLanguage":"es","@id":"https:\/\/elai.io\/es\/#\/schema\/logo\/image\/","url":"https:\/\/elai.io\/wp-content\/uploads\/2024\/10\/Component-2.svg","contentUrl":"https:\/\/elai.io\/wp-content\/uploads\/2024\/10\/Component-2.svg","caption":"Elai.io"},"image":{"@id":"https:\/\/elai.io\/es\/#\/schema\/logo\/image\/"}}]}},"_links":{"self":[{"href":"https:\/\/elai.io\/es\/wp-json\/wp\/v2\/pages\/34275","targetHints":{"allow":["GET"]}}],"collection":[{"href":"https:\/\/elai.io\/es\/wp-json\/wp\/v2\/pages"}],"about":[{"href":"https:\/\/elai.io\/es\/wp-json\/wp\/v2\/types\/page"}],"author":[{"embeddable":true,"href":"https:\/\/elai.io\/es\/wp-json\/wp\/v2\/users\/12"}],"replies":[{"embeddable":true,"href":"https:\/\/elai.io\/es\/wp-json\/wp\/v2\/comments?post=34275"}],"version-history":[{"count":0,"href":"https:\/\/elai.io\/es\/wp-json\/wp\/v2\/pages\/34275\/revisions"}],"wp:featuredmedia":[{"embeddable":true,"href":"https:\/\/elai.io\/es\/wp-json\/wp\/v2\/media\/33809"}],"wp:attachment":[{"href":"https:\/\/elai.io\/es\/wp-json\/wp\/v2\/media?parent=34275"}],"curies":[{"name":"wp","href":"https:\/\/api.w.org\/{rel}","templated":true}]}}