{"id":34197,"date":"2022-05-26T17:27:55","date_gmt":"2022-05-26T14:27:55","guid":{"rendered":"https:\/\/elai.io\/case-studies-2"},"modified":"2025-05-16T20:08:25","modified_gmt":"2025-05-16T17:08:25","slug":"case-studies","status":"publish","type":"page","link":"https:\/\/elai.io\/es\/case-studies\/","title":{"rendered":"Case Studies"},"content":{"rendered":"\t\t<div data-elementor-type=\"wp-post\" data-elementor-id=\"34197\" class=\"elementor elementor-34197 elementor-8116\" data-elementor-post-type=\"page\">\n\t\t\t\t\t\t<section class=\"elementor-section elementor-top-section elementor-element elementor-element-720c374 elementor-section-height-full box-first-block scaleble-bg elementor-section-boxed elementor-section-height-default elementor-section-items-middle\" data-id=\"720c374\" data-element_type=\"section\" data-e-type=\"section\">\r\n\t\t\r\n\t\t\t\t\t\t\t<div class=\"elementor-container elementor-column-gap-default\">\r\n\t\t\t\t\t\t\t\t\t\t\t<div class=\"elementor-column elementor-col-100 elementor-top-column elementor-element elementor-element-9bf6b39\" data-id=\"9bf6b39\" data-element_type=\"column\" data-e-type=\"column\">\r\n\t\t\t\t\t<div class=\"elementor-widget-wrap elementor-element-populated\">\r\n\t\t\t\t\t\t\t\t<div class=\"elementor-element elementor-element-5bce3b6 elementor-hidden-desktop elementor-hidden-tablet elementor-widget elementor-widget-spacer\" data-id=\"5bce3b6\" data-element_type=\"widget\" data-e-type=\"widget\" data-widget_type=\"spacer.default\">\n\t\t\t\t<div class=\"elementor-widget-container\">\n\t\t\t\t\t\t\t<div class=\"elementor-spacer\">\n\t\t\t<div class=\"elementor-spacer-inner\"><\/div>\n\t\t<\/div>\n\t\t\t\t\t\t<\/div>\n\t\t\t\t<\/div>\n\t\t\t\t<div class=\"elementor-element elementor-element-2fbd5bd title elementor-widget elementor-widget-text-editor\" data-id=\"2fbd5bd\" data-element_type=\"widget\" data-e-type=\"widget\" data-widget_type=\"text-editor.default\">\n\t\t\t\t<div class=\"elementor-widget-container\">\n\t\t\t\t\t\t\t\t\t<h1 class=\"box-first-text1\" style=\"max-width: 650px;\">Estudios de Casos<\/h1>\t\t\t\t\t\t\t\t<\/div>\n\t\t\t\t<\/div>\n\t\t\t\t<div class=\"elementor-element elementor-element-8f4d6bf elementor-widget elementor-widget-text-editor\" data-id=\"8f4d6bf\" data-element_type=\"widget\" data-e-type=\"widget\" data-widget_type=\"text-editor.default\">\n\t\t\t\t<div class=\"elementor-widget-container\">\n\t\t\t\t\t\t\t\t\t<h2 class=\"box-first-text2\" style=\"max-width: 600px;\">Crea cursos de e-learning, v\u00eddeos de incorporaci\u00f3n de RR.HH., de explicaci\u00f3n y mucho m\u00e1s. Hoy mismo, acelera la producci\u00f3n del video con Elai.<\/h2>\t\t\t\t\t\t\t\t<\/div>\n\t\t\t\t<\/div>\n\t\t\t\t<section class=\"elementor-section elementor-inner-section elementor-element elementor-element-5fc413f elementor-section-boxed elementor-section-height-default elementor-section-height-default\" data-id=\"5fc413f\" data-element_type=\"section\" data-e-type=\"section\">\r\n\t\t\r\n\t\t\t\t\t\t\t<div class=\"elementor-container elementor-column-gap-default\">\r\n\t\t\t\t\t\t\t\t\t\t\t<div class=\"elementor-column elementor-col-50 elementor-inner-column elementor-element elementor-element-d6bcc60\" data-id=\"d6bcc60\" data-element_type=\"column\" data-e-type=\"column\">\r\n\t\t\t\t\t<div class=\"elementor-widget-wrap elementor-element-populated\">\r\n\t\t\t\t\t\t\t\t<div class=\"elementor-element elementor-element-c529f29 elementor-align-right elementor-mobile-align-center elementor-widget elementor-widget-button\" data-id=\"c529f29\" data-element_type=\"widget\" data-e-type=\"widget\" data-widget_type=\"button.default\">\n\t\t\t\t<div class=\"elementor-widget-container\">\n\t\t\t\t\t\t\t\t\t<div class=\"elementor-button-wrapper\">\n\t\t\t\t\t<a class=\"elementor-button elementor-button-link elementor-size-md\" href=\"https:\/\/app.elai.io\/signup\">\n\t\t\t\t\t\t<span class=\"elementor-button-content-wrapper\">\n\t\t\t\t\t\t<span class=\"elementor-button-icon\">\n\t\t\t\t<i aria-hidden=\"true\" class=\"fas fa-chevron-right\"><\/i>\t\t\t<\/span>\n\t\t\t\t\t\t\t\t\t<span class=\"elementor-button-text\">Prueba Elai gratis<\/span>\n\t\t\t\t\t<\/span>\n\t\t\t\t\t<\/a>\n\t\t\t\t<\/div>\n\t\t\t\t\t\t\t\t<\/div>\n\t\t\t\t<\/div>\n\t\t\t\t\t<\/div>\r\n\t\t\t\t<\/div>\r\n\t\t\t\t<div class=\"elementor-column elementor-col-50 elementor-inner-column elementor-element elementor-element-b405ed4\" data-id=\"b405ed4\" data-element_type=\"column\" data-e-type=\"column\">\r\n\t\t\t\t\t<div class=\"elementor-widget-wrap elementor-element-populated\">\r\n\t\t\t\t\t\t\t\t<div class=\"elementor-element elementor-element-601eb22 elementor-mobile-align-center elementor-align-left elementor-widget elementor-widget-button\" data-id=\"601eb22\" data-element_type=\"widget\" data-e-type=\"widget\" data-widget_type=\"button.default\">\n\t\t\t\t<div class=\"elementor-widget-container\">\n\t\t\t\t\t\t\t\t\t<div class=\"elementor-button-wrapper\">\n\t\t\t\t\t<a class=\"elementor-button elementor-button-link elementor-size-sm\" href=\"\/es\/how-it-works\">\n\t\t\t\t\t\t<span class=\"elementor-button-content-wrapper\">\n\t\t\t\t\t\t<span class=\"elementor-button-icon\">\n\t\t\t\t<i aria-hidden=\"true\" class=\"fas fa-chevron-right\"><\/i>\t\t\t<\/span>\n\t\t\t\t\t\t\t\t\t<span class=\"elementor-button-text\">C\u00f3mo funciona<\/span>\n\t\t\t\t\t<\/span>\n\t\t\t\t\t<\/a>\n\t\t\t\t<\/div>\n\t\t\t\t\t\t\t\t<\/div>\n\t\t\t\t<\/div>\n\t\t\t\t\t<\/div>\r\n\t\t\t\t<\/div>\r\n\t\t\t\t\t<\/div>\r\n\t\t\t\t<\/section>\r\n\t\t\t\t<div class=\"elementor-element elementor-element-e606b86 elementor-hidden-desktop elementor-hidden-tablet elementor-widget elementor-widget-spacer\" data-id=\"e606b86\" data-element_type=\"widget\" data-e-type=\"widget\" data-widget_type=\"spacer.default\">\n\t\t\t\t<div class=\"elementor-widget-container\">\n\t\t\t\t\t\t\t<div class=\"elementor-spacer\">\n\t\t\t<div class=\"elementor-spacer-inner\"><\/div>\n\t\t<\/div>\n\t\t\t\t\t\t<\/div>\n\t\t\t\t<\/div>\n\t\t\t\t\t<\/div>\r\n\t\t\t\t<\/div>\r\n\t\t\t\t\t<\/div>\r\n\t\t\t\t<\/section>\r\n\t\t\t\t<section class=\"elementor-section elementor-top-section elementor-element elementor-element-610548f elementor-section-boxed elementor-section-height-default elementor-section-height-default\" data-id=\"610548f\" data-element_type=\"section\" data-e-type=\"section\">\r\n\t\t\r\n\t\t\t\t\t\t\t<div class=\"elementor-container elementor-column-gap-default\">\r\n\t\t\t\t\t\t\t\t\t\t\t<div class=\"elementor-column elementor-col-100 elementor-top-column elementor-element elementor-element-daeda82\" data-id=\"daeda82\" data-element_type=\"column\" data-e-type=\"column\" data-settings=\"{&quot;background_background&quot;:&quot;classic&quot;}\">\r\n\t\t\t\t\t<div class=\"elementor-widget-wrap elementor-element-populated\">\r\n\t\t\t\t\t\t\t\t<div class=\"elementor-element elementor-element-a1ccdc3 elementor-widget elementor-widget-html\" data-id=\"a1ccdc3\" data-element_type=\"widget\" data-e-type=\"widget\" data-widget_type=\"html.default\">\n\t\t\t\t<div class=\"elementor-widget-container\">\n\t\t\t\t\t<a href=\"\/es\/case-study-petroshore\" ><div class=\"box-001-case-studies\">\r\n<div class=\"box-001-case-studies-block\">\r\n<\/div>\r\n<div class=\"box-001-case-studies-text-title\">\u00bfC\u00f3mo aumentar la interacci\u00f3n de los espectadores con avatares digitales?<\/div>\r\n<div class=\"box-001-case-studies-text\">Mira c\u00f3mo PetroShore Compliance utiliz\u00f3 avatares digitales de Elai.io en sus v\u00eddeos de e-learning y consigui\u00f3 aumentar la participaci\u00f3n de los espectadores.<\/div>\r\n<div class=\"box-007-button\">M\u00e1s informaci\u00f3n <img decoding=\"async\" class=\"alignnone size-full wp-image-10768\"  src=\"\/wp-content\/uploads\/2022\/08\/Arrow-3.svg\"   \/><\/div>\r\n<\/div><\/a>\t\t\t\t<\/div>\n\t\t\t\t<\/div>\n\t\t\t\t<div class=\"elementor-element elementor-element-459aa87 elementor-widget elementor-widget-spacer\" data-id=\"459aa87\" data-element_type=\"widget\" data-e-type=\"widget\" data-widget_type=\"spacer.default\">\n\t\t\t\t<div class=\"elementor-widget-container\">\n\t\t\t\t\t\t\t<div class=\"elementor-spacer\">\n\t\t\t<div class=\"elementor-spacer-inner\"><\/div>\n\t\t<\/div>\n\t\t\t\t\t\t<\/div>\n\t\t\t\t<\/div>\n\t\t\t\t\t<\/div>\r\n\t\t\t\t<\/div>\r\n\t\t\t\t\t<\/div>\r\n\t\t\t\t<\/section>\r\n\t\t\t\t<section class=\"elementor-section elementor-top-section elementor-element elementor-element-5ee4f8a elementor-section-boxed elementor-section-height-default elementor-section-height-default\" data-id=\"5ee4f8a\" data-element_type=\"section\" data-e-type=\"section\">\r\n\t\t\r\n\t\t\t\t\t\t\t<div class=\"elementor-container elementor-column-gap-default\">\r\n\t\t\t\t\t\t\t\t\t\t\t<div class=\"elementor-column elementor-col-100 elementor-top-column elementor-element elementor-element-c0552ba\" data-id=\"c0552ba\" data-element_type=\"column\" data-e-type=\"column\" data-settings=\"{&quot;background_background&quot;:&quot;classic&quot;}\">\r\n\t\t\t\t\t<div class=\"elementor-widget-wrap elementor-element-populated\">\r\n\t\t\t\t\t\t\t\t<div class=\"elementor-element elementor-element-4dfd2fa elementor-widget elementor-widget-html\" data-id=\"4dfd2fa\" data-element_type=\"widget\" data-e-type=\"widget\" data-widget_type=\"html.default\">\n\t\t\t\t<div class=\"elementor-widget-container\">\n\t\t\t\t\t<a href=\"\/es\/case-study-sigma\" ><div class=\"box-001-integrations\">\r\n<div class=\"box-001-study-sigma-block\">\r\n<\/div>\r\n<div class=\"box-001-study-sigma-text\">Estudio de caso: Sigma Software<\/div>\r\n<div class=\"box-001-study-sigma-text2\">Sigma Software ofrece soluciones turn-key IT que ayudan a sus clientes a afrontar de forma eficaz los retos empresariales existentes y a transformar su forma de hacer negocios.<br><br>\r\nDescubre c\u00f3mo han utilizado un enfoque de Inteligencia Artificial Generativa para crear contenido de video de formaci\u00f3n y desarrollo  para sus +2000 empleados.\r\n<\/div>\r\n<div class=\"box-007-button\">M\u00e1s informaci\u00f3n <img decoding=\"async\" class=\"alignnone size-full wp-image-10768\"  src=\"\/wp-content\/uploads\/2022\/08\/Arrow-3.svg\"   \/><\/div>\r\n<\/div><\/a>\t\t\t\t<\/div>\n\t\t\t\t<\/div>\n\t\t\t\t<div class=\"elementor-element elementor-element-fc9b30e elementor-widget elementor-widget-spacer\" data-id=\"fc9b30e\" data-element_type=\"widget\" data-e-type=\"widget\" data-widget_type=\"spacer.default\">\n\t\t\t\t<div class=\"elementor-widget-container\">\n\t\t\t\t\t\t\t<div class=\"elementor-spacer\">\n\t\t\t<div class=\"elementor-spacer-inner\"><\/div>\n\t\t<\/div>\n\t\t\t\t\t\t<\/div>\n\t\t\t\t<\/div>\n\t\t\t\t\t<\/div>\r\n\t\t\t\t<\/div>\r\n\t\t\t\t\t<\/div>\r\n\t\t\t\t<\/section>\r\n\t\t\t\t<section class=\"elementor-section elementor-top-section elementor-element elementor-element-fa0f836 elementor-section-boxed elementor-section-height-default elementor-section-height-default\" data-id=\"fa0f836\" data-element_type=\"section\" data-e-type=\"section\">\r\n\t\t\r\n\t\t\t\t\t\t\t<div class=\"elementor-container elementor-column-gap-default\">\r\n\t\t\t\t\t\t\t\t\t\t\t<div class=\"elementor-column elementor-col-100 elementor-top-column elementor-element elementor-element-b33541f\" data-id=\"b33541f\" data-element_type=\"column\" data-e-type=\"column\" data-settings=\"{&quot;background_background&quot;:&quot;classic&quot;}\">\r\n\t\t\t\t\t<div class=\"elementor-widget-wrap elementor-element-populated\">\r\n\t\t\t\t\t\t\t\t<div class=\"elementor-element elementor-element-bd4ef7e elementor-widget elementor-widget-html\" data-id=\"bd4ef7e\" data-element_type=\"widget\" data-e-type=\"widget\" data-widget_type=\"html.default\">\n\t\t\t\t<div class=\"elementor-widget-container\">\n\t\t\t\t\t<a href=\"\/es\/case-study-springs\" ><div class=\"box-001-integrations\">\r\n<div class=\"box-001-study-springs-block-sp\">\r\n<\/div>\r\n<div class=\"box-001-study-sigma-text\">Caso pr\u00e1ctico: Springs<\/div>\r\n<div class=\"box-001-study-sigma-text2\">Springs es un equipo de desarrollo internacional que ayuda a propietarios de empresas a crear soluciones de software. Utilizaron Elai.io para la creaci\u00f3n de contenido de video de marketing y aumentaron significativamente su posicionamiento SEO. <br> \r\n \r\n\r\n<\/div>\r\n<div class=\"box-007-button\">M\u00e1s informaci\u00f3n <img decoding=\"async\" class=\"alignnone size-full wp-image-10768\"  src=\"\/wp-content\/uploads\/2022\/08\/Arrow-3.svg\"   \/><\/div>\r\n\r\n<\/div><\/a>\t\t\t\t<\/div>\n\t\t\t\t<\/div>\n\t\t\t\t<div class=\"elementor-element elementor-element-c741499 elementor-widget elementor-widget-spacer\" data-id=\"c741499\" data-element_type=\"widget\" data-e-type=\"widget\" data-widget_type=\"spacer.default\">\n\t\t\t\t<div class=\"elementor-widget-container\">\n\t\t\t\t\t\t\t<div class=\"elementor-spacer\">\n\t\t\t<div class=\"elementor-spacer-inner\"><\/div>\n\t\t<\/div>\n\t\t\t\t\t\t<\/div>\n\t\t\t\t<\/div>\n\t\t\t\t\t<\/div>\r\n\t\t\t\t<\/div>\r\n\t\t\t\t\t<\/div>\r\n\t\t\t\t<\/section>\r\n\t\t\t\t<section class=\"elementor-section elementor-top-section elementor-element elementor-element-7f62c0c elementor-section-boxed elementor-section-height-default elementor-section-height-default\" data-id=\"7f62c0c\" data-element_type=\"section\" data-e-type=\"section\">\r\n\t\t\r\n\t\t\t\t\t\t\t<div class=\"elementor-container elementor-column-gap-default\">\r\n\t\t\t\t\t\t\t\t\t\t\t<div class=\"elementor-column elementor-col-100 elementor-top-column elementor-element elementor-element-3b47a95\" data-id=\"3b47a95\" data-element_type=\"column\" data-e-type=\"column\" data-settings=\"{&quot;background_background&quot;:&quot;classic&quot;}\">\r\n\t\t\t\t\t<div class=\"elementor-widget-wrap elementor-element-populated\">\r\n\t\t\t\t\t\t\t\t<div class=\"elementor-element elementor-element-43db620 elementor-widget elementor-widget-html\" data-id=\"43db620\" data-element_type=\"widget\" data-e-type=\"widget\" data-widget_type=\"html.default\">\n\t\t\t\t<div class=\"elementor-widget-container\">\n\t\t\t\t\t<a href=\"\/es\/case-study-macpaw\" ><div class=\"box-001-case-study-macpaw\">\r\n<div class=\"box-001-case-study-macpaw-block\">\r\n<\/div>\r\n<div class=\"box-001-study-sigma-text\">Acerca de MacPaw<\/div>\r\n<div class=\"box-001-study-sigma-text2\">MacPaw es una empresa de software que se enfoca en desarrollar soluciones para Mac en pro para hacer que la experiencia del usuario sea m\u00e1s simple y productiva.<br>\r\nLos usuarios y el mercado conocen MacPaw por las herramientas que han desarrollado, como CleanMyMac X, Gemini 2, ClearVPN, etc. Las soluciones de MacPaw est\u00e1n orientadas principalmente a mejorar la experiencia del usuario de Apple; sin embargo, la empresa tambi\u00e9n ha creado herramientas para usuarios del sistema operativo Windows.\r\n<\/div>\r\n<div class=\"box-007-button\">M\u00e1s informaci\u00f3n <img decoding=\"async\" class=\"alignnone size-full wp-image-10768\"  src=\"\/wp-content\/uploads\/2022\/08\/Arrow-3.svg\"   \/><\/div>\r\n\r\n<\/div><\/a>\t\t\t\t<\/div>\n\t\t\t\t<\/div>\n\t\t\t\t<div class=\"elementor-element elementor-element-c08c6b7 elementor-widget elementor-widget-spacer\" data-id=\"c08c6b7\" data-element_type=\"widget\" data-e-type=\"widget\" data-widget_type=\"spacer.default\">\n\t\t\t\t<div class=\"elementor-widget-container\">\n\t\t\t\t\t\t\t<div class=\"elementor-spacer\">\n\t\t\t<div class=\"elementor-spacer-inner\"><\/div>\n\t\t<\/div>\n\t\t\t\t\t\t<\/div>\n\t\t\t\t<\/div>\n\t\t\t\t\t<\/div>\r\n\t\t\t\t<\/div>\r\n\t\t\t\t\t<\/div>\r\n\t\t\t\t<\/section>\r\n\t\t\t\t<section class=\"elementor-section elementor-top-section elementor-element elementor-element-07383de elementor-section-boxed elementor-section-height-default elementor-section-height-default\" data-id=\"07383de\" data-element_type=\"section\" data-e-type=\"section\">\r\n\t\t\r\n\t\t\t\t\t\t\t<div class=\"elementor-container elementor-column-gap-default\">\r\n\t\t\t\t\t\t\t\t\t\t\t<div class=\"elementor-column elementor-col-50 elementor-top-column elementor-element elementor-element-ec96cfb\" data-id=\"ec96cfb\" data-element_type=\"column\" data-e-type=\"column\">\r\n\t\t\t\t\t<div class=\"elementor-widget-wrap elementor-element-populated\">\r\n\t\t\t\t\t\t\t\t<div class=\"elementor-element elementor-element-cefb344 elementor-widget elementor-widget-html\" data-id=\"cefb344\" data-element_type=\"widget\" data-e-type=\"widget\" data-widget_type=\"html.default\">\n\t\t\t\t<div class=\"elementor-widget-container\">\n\t\t\t\t\t<a href=\"\/es\/elai-languages\" style=\"cursor: pointer;\"><div class=\"box-003\">\r\n<div class=\"box-003-ai-dubbing\">\r\n<\/div>\r\n<div class=\"box-003-text-ai-dubbing\">M\u00e1s de 75+ idiomas<br>\r\n compatibles<\/div>\r\n<div class=\"box-003-button-ai-dubbing\">Ver todos <div class=\"box-003-arrow\"><\/div><\/div>\r\n\r\n<\/div><\/a>\t\t\t\t<\/div>\n\t\t\t\t<\/div>\n\t\t\t\t\t<\/div>\r\n\t\t\t\t<\/div>\r\n\t\t\t\t<div class=\"elementor-column elementor-col-50 elementor-top-column elementor-element elementor-element-78d97c2\" data-id=\"78d97c2\" data-element_type=\"column\" data-e-type=\"column\">\r\n\t\t\t\t\t<div class=\"elementor-widget-wrap elementor-element-populated\">\r\n\t\t\t\t\t\t\t\t<div class=\"elementor-element elementor-element-7ee1614 elementor-widget elementor-widget-html\" data-id=\"7ee1614\" data-element_type=\"widget\" data-e-type=\"widget\" data-widget_type=\"html.default\">\n\t\t\t\t<div class=\"elementor-widget-container\">\n\t\t\t\t\t<a href=\"\/es\/avatars\" style=\"cursor: pointer;\"><div class=\"box-002\">\r\n<div class=\"box-002-block\">\r\n<\/div>\r\n<div class=\"box-002-text\">Elige entre una amplia variedad de presentadores de video<\/div>\r\n<div class=\"box-002-button\">Ver todos <img decoding=\"async\" class=\"alignnone size-full wp-image-10768\"  src=\"\/wp-content\/uploads\/2022\/08\/Arrow-3.svg\"   \/><\/div>\r\n\r\n<\/div><\/a>\t\t\t\t<\/div>\n\t\t\t\t<\/div>\n\t\t\t\t\t<\/div>\r\n\t\t\t\t<\/div>\r\n\t\t\t\t\t<\/div>\r\n\t\t\t\t<\/section>\r\n\t\t\t\t<section class=\"elementor-section elementor-top-section elementor-element elementor-element-01788c7 elementor-section-boxed elementor-section-height-default elementor-section-height-default\" data-id=\"01788c7\" data-element_type=\"section\" data-e-type=\"section\" data-settings=\"{&quot;background_background&quot;:&quot;classic&quot;}\">\r\n\t\t\t\t\t\t<div class=\"elementor-background-overlay\"><\/div>\r\n\t\t\t\r\n\t\t\t\t\t\t\t<div class=\"elementor-container elementor-column-gap-default\">\r\n\t\t\t\t\t\t\t\t\t\t\t<div class=\"elementor-column elementor-col-100 elementor-top-column elementor-element elementor-element-1dceaeb\" data-id=\"1dceaeb\" data-element_type=\"column\" data-e-type=\"column\">\r\n\t\t\t\t\t<div class=\"elementor-widget-wrap elementor-element-populated\">\r\n\t\t\t\t\t\t\t\t<div class=\"elementor-element elementor-element-ea0aefe elementor-widget elementor-widget-spacer\" data-id=\"ea0aefe\" data-element_type=\"widget\" data-e-type=\"widget\" data-widget_type=\"spacer.default\">\n\t\t\t\t<div class=\"elementor-widget-container\">\n\t\t\t\t\t\t\t<div class=\"elementor-spacer\">\n\t\t\t<div class=\"elementor-spacer-inner\"><\/div>\n\t\t<\/div>\n\t\t\t\t\t\t<\/div>\n\t\t\t\t<\/div>\n\t\t\t\t\t<\/div>\r\n\t\t\t\t<\/div>\r\n\t\t\t\t\t<\/div>\r\n\t\t\t\t<\/section>\r\n\t\t\t\t<\/div>\n\t\t","protected":false},"excerpt":{"rendered":"<p>Estudios de Casos Crea cursos de e-learning, v\u00eddeos de incorporaci\u00f3n de RR.HH., de explicaci\u00f3n y mucho m\u00e1s. Hoy mismo, acelera la producci\u00f3n del video con Elai. Prueba Elai gratis C\u00f3mo funciona \u00bfC\u00f3mo aumentar la interacci\u00f3n de los espectadores con avatares digitales? Mira c\u00f3mo PetroShore Compliance utiliz\u00f3 avatares digitales de Elai.io en sus v\u00eddeos de e-learning [&hellip;]<\/p>\n","protected":false},"author":12,"featured_media":0,"parent":0,"menu_order":0,"comment_status":"closed","ping_status":"closed","template":"","meta":{"_acf_changed":false,"inline_featured_image":false,"footnotes":""},"class_list":["post-34197","page","type-page","status-publish","hentry"],"acf":[],"yoast_head":"<!-- This site is optimized with the Yoast SEO Premium plugin v27.1 (Yoast SEO v27.2) - https:\/\/yoast.com\/product\/yoast-seo-premium-wordpress\/ -->\n<title>Case Studies - Elai.io. Stories of how Elai helps its users<\/title>\n<meta name=\"description\" content=\"Elai is an AI-powered tool that helps businesses create videos from text. Read our users&#039; stories to see what their personal experience with the platform is.\" \/>\n<meta name=\"robots\" content=\"index, follow, max-snippet:-1, max-image-preview:large, max-video-preview:-1\" \/>\n<link rel=\"canonical\" href=\"https:\/\/elai.io\/es\/case-studies\/\" \/>\n<meta property=\"og:locale\" content=\"es_ES\" \/>\n<meta property=\"og:type\" content=\"article\" \/>\n<meta property=\"og:title\" content=\"Case Studies\" \/>\n<meta property=\"og:description\" content=\"Elai is an AI-powered tool that helps businesses create videos from text. Read our users&#039; stories to see what their personal experience with the platform is.\" \/>\n<meta property=\"og:url\" content=\"https:\/\/elai.io\/es\/case-studies\/\" \/>\n<meta property=\"og:site_name\" content=\"Elai.io\" \/>\n<meta property=\"article:modified_time\" content=\"2025-05-16T17:08:25+00:00\" \/>\n<meta name=\"twitter:card\" content=\"summary_large_image\" \/>\n<meta name=\"twitter:label1\" content=\"Est. reading time\" \/>\n\t<meta name=\"twitter:data1\" content=\"1 minuto\" \/>\n<script type=\"application\/ld+json\" class=\"yoast-schema-graph\">{\"@context\":\"https:\/\/schema.org\",\"@graph\":[{\"@type\":\"WebPage\",\"@id\":\"https:\/\/elai.io\/es\/case-studies\/\",\"url\":\"https:\/\/elai.io\/es\/case-studies\/\",\"name\":\"Case Studies - Elai.io. Stories of how Elai helps its users\",\"isPartOf\":{\"@id\":\"https:\/\/elai.io\/es\/#website\"},\"datePublished\":\"2022-05-26T14:27:55+00:00\",\"dateModified\":\"2025-05-16T17:08:25+00:00\",\"description\":\"Elai is an AI-powered tool that helps businesses create videos from text. Read our users' stories to see what their personal experience with the platform is.\",\"breadcrumb\":{\"@id\":\"https:\/\/elai.io\/es\/case-studies\/#breadcrumb\"},\"inLanguage\":\"es\",\"potentialAction\":[{\"@type\":\"ReadAction\",\"target\":[\"https:\/\/elai.io\/es\/case-studies\/\"]}]},{\"@type\":\"BreadcrumbList\",\"@id\":\"https:\/\/elai.io\/es\/case-studies\/#breadcrumb\",\"itemListElement\":[{\"@type\":\"ListItem\",\"position\":1,\"name\":\"Home\",\"item\":\"https:\/\/elai.io\/es\/\"},{\"@type\":\"ListItem\",\"position\":2,\"name\":\"Case Studies\"}]},{\"@type\":\"WebSite\",\"@id\":\"https:\/\/elai.io\/es\/#website\",\"url\":\"https:\/\/elai.io\/es\/\",\"name\":\"Elai.io\",\"description\":\"create AI videos from text\",\"publisher\":{\"@id\":\"https:\/\/elai.io\/es\/#organization\"},\"potentialAction\":[{\"@type\":\"SearchAction\",\"target\":{\"@type\":\"EntryPoint\",\"urlTemplate\":\"https:\/\/elai.io\/es\/?s={search_term_string}\"},\"query-input\":{\"@type\":\"PropertyValueSpecification\",\"valueRequired\":true,\"valueName\":\"search_term_string\"}}],\"inLanguage\":\"es\"},{\"@type\":\"Organization\",\"@id\":\"https:\/\/elai.io\/es\/#organization\",\"name\":\"Elai.io\",\"url\":\"https:\/\/elai.io\/es\/\",\"logo\":{\"@type\":\"ImageObject\",\"inLanguage\":\"es\",\"@id\":\"https:\/\/elai.io\/es\/#\/schema\/logo\/image\/\",\"url\":\"https:\/\/elai.io\/wp-content\/uploads\/2024\/10\/Component-2.svg\",\"contentUrl\":\"https:\/\/elai.io\/wp-content\/uploads\/2024\/10\/Component-2.svg\",\"caption\":\"Elai.io\"},\"image\":{\"@id\":\"https:\/\/elai.io\/es\/#\/schema\/logo\/image\/\"}}]}<\/script>\n<!-- \/ Yoast SEO Premium plugin. -->","yoast_head_json":{"title":"Case Studies - Elai.io. Stories of how Elai helps its users","description":"Elai is an AI-powered tool that helps businesses create videos from text. Read our users' stories to see what their personal experience with the platform is.","robots":{"index":"index","follow":"follow","max-snippet":"max-snippet:-1","max-image-preview":"max-image-preview:large","max-video-preview":"max-video-preview:-1"},"canonical":"https:\/\/elai.io\/es\/case-studies\/","og_locale":"es_ES","og_type":"article","og_title":"Case Studies","og_description":"Elai is an AI-powered tool that helps businesses create videos from text. Read our users' stories to see what their personal experience with the platform is.","og_url":"https:\/\/elai.io\/es\/case-studies\/","og_site_name":"Elai.io","article_modified_time":"2025-05-16T17:08:25+00:00","twitter_card":"summary_large_image","twitter_misc":{"Est. reading time":"1 minuto"},"schema":{"@context":"https:\/\/schema.org","@graph":[{"@type":"WebPage","@id":"https:\/\/elai.io\/es\/case-studies\/","url":"https:\/\/elai.io\/es\/case-studies\/","name":"Case Studies - Elai.io. Stories of how Elai helps its users","isPartOf":{"@id":"https:\/\/elai.io\/es\/#website"},"datePublished":"2022-05-26T14:27:55+00:00","dateModified":"2025-05-16T17:08:25+00:00","description":"Elai is an AI-powered tool that helps businesses create videos from text. Read our users' stories to see what their personal experience with the platform is.","breadcrumb":{"@id":"https:\/\/elai.io\/es\/case-studies\/#breadcrumb"},"inLanguage":"es","potentialAction":[{"@type":"ReadAction","target":["https:\/\/elai.io\/es\/case-studies\/"]}]},{"@type":"BreadcrumbList","@id":"https:\/\/elai.io\/es\/case-studies\/#breadcrumb","itemListElement":[{"@type":"ListItem","position":1,"name":"Home","item":"https:\/\/elai.io\/es\/"},{"@type":"ListItem","position":2,"name":"Case Studies"}]},{"@type":"WebSite","@id":"https:\/\/elai.io\/es\/#website","url":"https:\/\/elai.io\/es\/","name":"Elai.io","description":"create AI videos from text","publisher":{"@id":"https:\/\/elai.io\/es\/#organization"},"potentialAction":[{"@type":"SearchAction","target":{"@type":"EntryPoint","urlTemplate":"https:\/\/elai.io\/es\/?s={search_term_string}"},"query-input":{"@type":"PropertyValueSpecification","valueRequired":true,"valueName":"search_term_string"}}],"inLanguage":"es"},{"@type":"Organization","@id":"https:\/\/elai.io\/es\/#organization","name":"Elai.io","url":"https:\/\/elai.io\/es\/","logo":{"@type":"ImageObject","inLanguage":"es","@id":"https:\/\/elai.io\/es\/#\/schema\/logo\/image\/","url":"https:\/\/elai.io\/wp-content\/uploads\/2024\/10\/Component-2.svg","contentUrl":"https:\/\/elai.io\/wp-content\/uploads\/2024\/10\/Component-2.svg","caption":"Elai.io"},"image":{"@id":"https:\/\/elai.io\/es\/#\/schema\/logo\/image\/"}}]}},"_links":{"self":[{"href":"https:\/\/elai.io\/es\/wp-json\/wp\/v2\/pages\/34197","targetHints":{"allow":["GET"]}}],"collection":[{"href":"https:\/\/elai.io\/es\/wp-json\/wp\/v2\/pages"}],"about":[{"href":"https:\/\/elai.io\/es\/wp-json\/wp\/v2\/types\/page"}],"author":[{"embeddable":true,"href":"https:\/\/elai.io\/es\/wp-json\/wp\/v2\/users\/12"}],"replies":[{"embeddable":true,"href":"https:\/\/elai.io\/es\/wp-json\/wp\/v2\/comments?post=34197"}],"version-history":[{"count":0,"href":"https:\/\/elai.io\/es\/wp-json\/wp\/v2\/pages\/34197\/revisions"}],"wp:attachment":[{"href":"https:\/\/elai.io\/es\/wp-json\/wp\/v2\/media?parent=34197"}],"curies":[{"name":"wp","href":"https:\/\/api.w.org\/{rel}","templated":true}]}}